{"id":1295,"date":"2018-01-23T11:47:49","date_gmt":"2018-01-23T11:47:49","guid":{"rendered":"http:\/\/incrociata.it\/?page_id=1295"},"modified":"2022-09-26T15:24:15","modified_gmt":"2022-09-26T14:24:15","slug":"contattaci","status":"publish","type":"page","link":"https:\/\/incrociata.it\/it\/contattaci\/","title":{"rendered":"Contattaci"},"content":{"rendered":"<div class=\"wpb-content-wrapper\"><p>[vc_section][vc_row][vc_column][\/vc_column][\/vc_row][vc_row][vc_column width=&#8221;1\/2&#8243;][vc_column_text]<style>.bc_form_lead input, .bc_form_lead textarea, .bc_form_lead p, .form-group, .bc_submit_container a, .formLead-btn-submit{\r\nfont-family: 'Raleway' !important;\r\nfont-size: 14px !important;\r\nfont-style: normal !important;\r\nfont-weight: 300 !important;\r\ntext-transform: none !important;\r\n}\r\n.formLead-btn-submit{\r\ndisplay: inline-block;\r\nmargin-bottom: 0;\r\nfont-weight: 600;\r\ntext-align: center;\r\nvertical-align: middle;\r\ntouch-action: manipulation;\r\ncursor: pointer;\r\nbackground-image: none;\r\nborder-color: #a2ae7e;\r\nbackground-color: #a2ae7e;\r\ntext-transform: uppercase;\r\npadding: 0.572em 1em;\r\nfont-size: 14px;\r\nfont-size: 0.875rem;\r\nline-height: 1.57143;\r\nborder-radius: 0;\r\n-webkit-user-select: none;\r\n-moz-user-select: none;\r\n-ms-user-select: none;\r\nuser-select: none;\r\ncolor: #fff;\r\n\r\n-moz-transition: background 0.15s ease-in-out, color 0.15s ease-in-out, border 0.15s ease-in-out;\r\n-o-transition: background 0.15s ease-in-out, color 0.15s ease-in-out, border 0.15s ease-in-out;\r\n-webkit-transition: background 0.15s ease-in-out, color 0.15s ease-in-out, border 0.15s ease-in-out;\r\ntransition: background 0.15s ease-in-out, color 0.15s ease-in-out, border 0.15s ease-in-out;\r\n}<\/style><!-- LEAD by Business Click :: nel punto dove deve comparire il modulo --><div class=\"bc_form_lead\"><form id=\"BCLEAD_d6e53b64-3157-4c42-8de5-0829a5e2c019\" class=\"bc_form\" accept-charset=\"UTF-8\" method=\"post\" enctype=\"multipart\/form-data\" action=\"\"><div class=\"control-group\"><div class=\"controls\"><div class=\"form-group\"><input type=\"text\" name=\"BCLEADMSG_Name\" id=\"BCLEADMSG_Name\"  placeholder=\"Nome \"  value=\"\" class=\"form-control\"\/><\/div><\/div><\/div><div class=\"control-group\"><div class=\"controls\"><div class=\"form-group\"><input type=\"email\" name=\"BCLEADMSG_Email\" id=\"BCLEADMSG_Email\"  placeholder=\"Email \"  value=\"\" class=\"form-control\"\/><\/div><\/div><\/div><div class=\"control-group\"><div class=\"controls\"><div class=\"form-group\"><input type=\"tel\" name=\"BCLEADMSG_Mobile\" id=\"BCLEADMSG_Mobile\"  placeholder=\"Cellulare \"  value=\"\" class=\"form-control\"\/><\/div><\/div><\/div><div class=\"control-group\"><div class=\"controls\"><div class=\"form-group\"><input type=\"number\" name=\"BCLEADMSG_Adults\" id=\"BCLEADMSG_Adults\"  placeholder=\"Adulti \"  value=\"\" class=\"form-control\"\/><\/div><\/div><\/div><div class=\"control-group\"><div class=\"controls\"><div class=\"form-group\"><input type=\"number\" name=\"BCLEADMSG_Childs\" id=\"BCLEADMSG_Childs\"  placeholder=\"Bambini *\"  value=\"\" class=\"form-control\"\/><\/div><\/div><\/div><div><small>* Nota: i bambini sopra i 12 anni sono considerati adulti.<\/small><\/div><div class=\"control-group\"><div class=\"controls\"><div class=\"form-group\"><input type=\"text\" name=\"BCLEADMSG_Arrival_date\" id=\"BCLEADMSG_Arrival_date\"  placeholder=\"Data arrivo \"  value=\"\" class=\"form-control\"\/><\/div><\/div><\/div><div class=\"control-group\"><div class=\"controls\"><div class=\"form-group\"><input type=\"text\" name=\"BCLEADMSG_Departure_date\" id=\"BCLEADMSG_Departure_date\"  placeholder=\"Data partenza \"  value=\"\" class=\"form-control\"\/><div id=\"dateError\" style=\"display: none\" class=\"error\">La data di arrivo \u00e8 successiva dalla data di partenza!<\/div><\/div><\/div><\/div><div class=\"control-group\"><div class=\"controls\"><div class=\"form-group\"><textarea rows=\"5\" name=\"BCLEADMSG_Message\" id=\"BCLEADMSG_Message\" placeholder=\"Messaggio \" class=\"form-control\" ><\/textarea><\/div><\/div><\/div><div class=\"control-group\"><div class=\"controls\"><div class=\"form-group\"><input type=\"checkbox\" id=\"BCLEADINFO_Privacy\" name=\"BCLEADINFO_Privacy\" value=\"true\" \/> I accept the terms of' <a href=\"https:\/\/incrociata.it\/privacy-cookie-policy\/\" target=\"_blank\">Privacy Policy<\/a><br><\/div><\/div><\/div><div class=\"bc_submit_container\"><a href=\"javascript:void(0);\" class=\"btn_1 outline medium  formLead-btn-submit\" id=\"BCLEAD_POST\">INVIA RICHIESTA <i class=\"icon-white icon-envelope\"><\/i><\/a><\/div><input type=\"hidden\" name=\"BCLEADHIDE_Lingua\" value=\"it\" \/><input type=\"hidden\" name=\"BCLEADHIDE_Oggetto\" value=\"Grazie per averci scritto \" \/><input type=\"hidden\" name=\"BCLEADHIDE_TargetURL\" value=\"https:\/\/incrociata.it\/message-sent\/\" \/><input type=\"hidden\" name=\"BCLEADMSG_pagina\" id=\"BCLEADMSG_pagina\" value=\"Contattaci\"\/><input type=\"hidden\" name=\"BCLEADHIDE_utmz\" id=\"BCLEADHIDE_utmz\" value=\"\" \/><input type=\"hidden\" name=\"BCLEADFORMID\" value=\"d6e53b64-3157-4c42-8de5-0829a5e2c019\" \/><\/form><\/div><!-- LEAD by Business Click :: da inserire prima della chiusura del tag <body> --><script type=\"text\/javascript\">function getCookie(c_name){var c_value=document.cookie;var c_start=c_value.indexOf(\" \"+c_name+\"=\");if(c_start==-1)c_start=c_value.indexOf(c_name+\"=\");if(c_start==-1)c_value=null;else{c_start=c_value.indexOf(\"=\",c_start)+1;var c_end=c_value.indexOf(\";\",c_start);if(c_end==-1)c_end=c_value.length;c_value=unescape(c_value.substring(c_start,c_end))}return c_value};jQuery(function($){$( document ).ready(function() {$(\"#BCLEAD_d6e53b64-3157-4c42-8de5-0829a5e2c019 #BCLEAD_POST\").click(function(){$(\"#BCLEAD_d6e53b64-3157-4c42-8de5-0829a5e2c019\").submit();});$(\"#BCLEAD_d6e53b64-3157-4c42-8de5-0829a5e2c019\").validate({highlight: function(element) {$(element).parent().parent().removeClass(\"bc_success\").addClass(\"bc_error\");},unhighlight: function(element) {$(element).parent().parent().removeClass(\"bc_error\").addClass(\"bc_success\");},errorPlacement: function(error, element) {console.log( error );$(element).parent().append(error);},rules: {\"BCLEADMSG_Name\": {required:true, minlength:3},\"BCLEADMSG_Surname\": {required:true, minlength:3},\"BCLEADMSG_Email\": {required:true, email:true},\"BCLEADMSG_Mobile\": {required:true},\"BCLEADMSG_Adults\": {required:true},\"BCLEADMSG_Childs\": {required:true},\"BCLEADMSG_Arrival_date\": {required:true},\"BCLEADMSG_Departure_date\": {required:true},\"BCLEADMSG_Message\": {required:true},\"BCLEADINFO_Privacy\": {required:true},},submitHandler: function(form) {$(\"#BCLEAD_d6e53b64-3157-4c42-8de5-0829a5e2c019 #BCLEAD_POST\").hide();$(\"#BCLEAD_d6e53b64-3157-4c42-8de5-0829a5e2c019 #BCLEADHIDE_utmz\").val(getCookie('__utmz'));$(\"#BCLEAD_d6e53b64-3157-4c42-8de5-0829a5e2c019\").attr(\"action\",\"\/\/api.cuborio.com\/api\/services\/lead\/submit\");form.submit();return true;},ignore : ':hidden'});});});<\/script><!-- fine LEAD by Business Click -->[\/vc_column_text][\/vc_column][vc_column width=&#8221;1\/2&#8243;][vc_single_image image=&#8221;1571&#8243; img_size=&#8221;full&#8221;][vc_column_text]Phone\/Fax: +39 055 998173<br \/>\n<a href=\"tel:+39 349 4213524\">Mobile: +39 349 4213524<\/a><br \/>\n<a href=\"tel:+393483950029\">Mobile: +39 348 3950029<\/a><br \/>\n<a href=\"skype:-gianluca.mellini-?call\">Skype Call<\/a><\/p>\n<p>Localit\u00e0 L&#8217;Incrociata, 24<br \/>\n52021 Frazione Pietraviva Bucine (Arezzo)<br \/>\nITALY<\/p>\n<p>Agriturismo Incrociata<br \/>\nP.IVA 01629210517<\/p>\n<p>Casa vacanza Miravalle \u2014 Capanna<br \/>\nP.IVA 05176520483[\/vc_column_text][vc_row_inner el_id=&#8221;contact-social-icons&#8221;][vc_column_inner width=&#8221;1\/2&#8243;][vc_icon icon_fontawesome=&#8221;fa fa-instagram&#8221; color=&#8221;green&#8221; size=&#8221;sm&#8221; align=&#8221;right&#8221; link=&#8221;url:https%3A%2F%2Fwww.instagram.com%2Fagriturismoincrociata%2F||target:%20_blank|&#8221;][\/vc_column_inner][vc_column_inner width=&#8221;1\/2&#8243;][vc_icon icon_fontawesome=&#8221;fa fa-facebook-square&#8221; color=&#8221;green&#8221; size=&#8221;sm&#8221; link=&#8221;url:https%3A%2F%2Fwww.facebook.com%2FIncrociata%2F||target:%20_blank|&#8221;][\/vc_column_inner][\/vc_row_inner][\/vc_column][\/vc_row][\/vc_section][vc_row][vc_column][vc_column_text el_class=&#8221;contatti-head&#8221;]<\/p>\n<h2 style=\"text-align: center;\">Contattaci e Prenota<\/h2>\n<p>Contattaci e prenota la tua vacanza all&#8217;<strong>Agriturismo Incrociata<\/strong> inviando una richiesta di prenotazione per la tua vacanza in Toscana! Indicaci le date che ti interessa prenotare, il numero di persone, eventuali esigenze e domande e ti risponderemo con tutti i dettagli.<\/p>\n<p>Puoi contattarci inviando una richiesta di prenotazione tramite la seguente <strong>Form<\/strong> oppure <strong>chiamaci<\/strong> o contattaci per messaggio su <strong>Whatsapp<\/strong> al numero di telefono <a href=\"tel:+39 349 4213524\"><strong>+39 3494213524<\/strong><\/a>.<\/p>\n<p>Riceverai subito un&#8217;<strong>offerta<\/strong> personalizzata e risposte alle tue domande e potremo <strong>prenotare<\/strong> la sistemazione per il periodo scelto per te e la tua famiglia!<\/p>\n<p>Non dimenticare di seguirci anche sui nostri <strong>social<\/strong> &#8211; <a href=\"https:\/\/www.instagram.com\/agriturismoincrociata\/\">Instagram<\/a> e <a href=\"https:\/\/www.facebook.com\/Incrociata\/\">Facebook<\/a> &#8211; per essere sempre aggiornati sulle nostre <strong>attivit\u00e0.<\/strong>[\/vc_column_text][vc_column_text]Nel nostro agriturismo non potrai fare a meno di rilassarti immerso nella natura della campagna toscana, nel territorio della nostra Valdambra che offre un&#8217;incredibile scelta di attivit\u00e0, luoghi storici da visitare a pochi chilometri come il ponte romano di Pogi oppure il medievale centro storico di Pietraviva e Badia a Ruoti e un&#8217;incredibile tradizione culinaria che rispetta le pi\u00f9 antiche usanze. Quello che possiamo offrirti \u00e8 l&#8217;autenticit\u00e0 di un luogo ancora fuori dai classici itinerari turistici con delle bellezze ancora da scoprire e valorizzare.[\/vc_column_text][\/vc_column][\/vc_row]<\/p>\n<\/div>","protected":false},"excerpt":{"rendered":"<p>[vc_section][vc_row][vc_column][\/vc_column][\/vc_row][vc_row][vc_column width=&#8221;1\/2&#8243;][vc_column_text][\/vc_column_text][\/vc_column][vc_column width=&#8221;1\/2&#8243;][vc_single_image image=&#8221;1571&#8243; img_size=&#8221;full&#8221;][vc_column_text]Phone\/Fax: +39 055 998173 Mobile: +39 349 4213524 Mobile: +39 348 3950029 Skype Call Localit\u00e0 L&#8217;Incrociata, 24 52021 Frazione Pietraviva Bucine (Arezzo) ITALY Agriturismo Incrociata P.IVA 01629210517 Casa vacanza Miravalle \u2014 Capanna P.IVA 05176520483[\/vc_column_text][vc_row_inner el_id=&#8221;contact-social-icons&#8221;][vc_column_inner width=&#8221;1\/2&#8243;][vc_icon icon_fontawesome=&#8221;fa fa-instagram&#8221; color=&#8221;green&#8221; size=&#8221;sm&#8221; align=&#8221;right&#8221; link=&#8221;url:https%3A%2F%2Fwww.instagram.com%2Fagriturismoincrociata%2F||target:%20_blank|&#8221;][\/vc_column_inner][vc_column_inner width=&#8221;1\/2&#8243;][vc_icon icon_fontawesome=&#8221;fa fa-facebook-square&#8221; color=&#8221;green&#8221; size=&#8221;sm&#8221; link=&#8221;url:https%3A%2F%2Fwww.facebook.com%2FIncrociata%2F||target:%20_blank|&#8221;][\/vc_column_inner][\/vc_row_inner][\/vc_column][\/vc_row][\/vc_section][vc_row][vc_column][vc_column_text el_class=&#8221;contatti-head&#8221;] Contattaci e &hellip; <a href=\"https:\/\/incrociata.it\/it\/contattaci\/\" class=\"more-link\">Continue reading<span class=\"screen-reader-text\"> &#8220;Contattaci&#8221;<\/span><\/a><\/p>\n","protected":false},"author":11,"featured_media":0,"parent":0,"menu_order":0,"comment_status":"closed","ping_status":"closed","template":"template-full-width-grid-page.php","meta":{"_acf_changed":false,"_joinchat":[],"footnotes":""},"class_list":["post-1295","page","type-page","status-publish","hentry"],"acf":[],"yoast_head":"<!-- This site is optimized with the Yoast SEO plugin v27.5 - https:\/\/yoast.com\/product\/yoast-seo-wordpress\/ -->\n<title>Contattaci &#8226; Agriturismo Incrociata 2026 23 Gennaio 2018 %contact<\/title>\n<meta name=\"description\" content=\"Contattaci e prenota la tua vacanza all&#039;Agriturismo Incrociata inviando una richiesta di prenotazione per la tua vacanza in Toscana.\" \/>\n<meta name=\"robots\" content=\"index, follow, max-snippet:-1, max-image-preview:large, max-video-preview:-1\" \/>\n<link rel=\"canonical\" href=\"https:\/\/incrociata.it\/it\/contattaci\/\" \/>\n<meta property=\"og:locale\" content=\"it_IT\" \/>\n<meta property=\"og:type\" content=\"article\" \/>\n<meta property=\"og:title\" content=\"Contattaci &#8226; Agriturismo Incrociata 2026 23 Gennaio 2018 %contact\" \/>\n<meta property=\"og:description\" content=\"Contattaci e prenota la tua vacanza all&#039;Agriturismo Incrociata inviando una richiesta di prenotazione per la tua vacanza in Toscana.\" \/>\n<meta property=\"og:url\" content=\"https:\/\/incrociata.it\/it\/contattaci\/\" \/>\n<meta property=\"og:site_name\" content=\"Agriturismo Incrociata\" \/>\n<meta property=\"article:publisher\" content=\"https:\/\/www.facebook.com\/Incrociata\" \/>\n<meta property=\"article:modified_time\" content=\"2022-09-26T14:24:15+00:00\" \/>\n<meta property=\"og:image\" content=\"https:\/\/incrociata.it\/wp-content\/uploads\/2014\/03\/agriturismo_incrociata_033.jpg\" \/>\n\t<meta property=\"og:image:width\" content=\"1700\" \/>\n\t<meta property=\"og:image:height\" content=\"1131\" \/>\n\t<meta property=\"og:image:type\" content=\"image\/jpeg\" \/>\n<meta name=\"twitter:card\" content=\"summary_large_image\" \/>\n<meta name=\"twitter:label1\" content=\"Tempo di lettura stimato\" \/>\n\t<meta name=\"twitter:data1\" content=\"2 minuti\" \/>\n<script type=\"application\/ld+json\" class=\"yoast-schema-graph\">{\"@context\":\"https:\\\/\\\/schema.org\",\"@graph\":[{\"@type\":\"WebPage\",\"@id\":\"https:\\\/\\\/incrociata.it\\\/it\\\/contattaci\\\/\",\"url\":\"https:\\\/\\\/incrociata.it\\\/it\\\/contattaci\\\/\",\"name\":\"Contattaci &#8226; Agriturismo Incrociata 2026 23 Gennaio 2018 %contact\",\"isPartOf\":{\"@id\":\"https:\\\/\\\/incrociata.it\\\/#website\"},\"datePublished\":\"2018-01-23T11:47:49+00:00\",\"dateModified\":\"2022-09-26T14:24:15+00:00\",\"description\":\"Contattaci e prenota la tua vacanza all'Agriturismo Incrociata inviando una richiesta di prenotazione per la tua vacanza in Toscana.\",\"breadcrumb\":{\"@id\":\"https:\\\/\\\/incrociata.it\\\/it\\\/contattaci\\\/#breadcrumb\"},\"inLanguage\":\"it-IT\",\"potentialAction\":[{\"@type\":\"ReadAction\",\"target\":[\"https:\\\/\\\/incrociata.it\\\/it\\\/contattaci\\\/\"]}]},{\"@type\":\"BreadcrumbList\",\"@id\":\"https:\\\/\\\/incrociata.it\\\/it\\\/contattaci\\\/#breadcrumb\",\"itemListElement\":[{\"@type\":\"ListItem\",\"position\":1,\"name\":\"Home\",\"item\":\"https:\\\/\\\/incrociata.it\\\/it\\\/\"},{\"@type\":\"ListItem\",\"position\":2,\"name\":\"Contattaci\"}]},{\"@type\":\"WebSite\",\"@id\":\"https:\\\/\\\/incrociata.it\\\/#website\",\"url\":\"https:\\\/\\\/incrociata.it\\\/\",\"name\":\"Agriturismo Incrociata\",\"description\":\"A renovated Tuscan Agriturismo from 1800&#039;s\",\"publisher\":{\"@id\":\"https:\\\/\\\/incrociata.it\\\/#organization\"},\"potentialAction\":[{\"@type\":\"SearchAction\",\"target\":{\"@type\":\"EntryPoint\",\"urlTemplate\":\"https:\\\/\\\/incrociata.it\\\/?s={search_term_string}\"},\"query-input\":{\"@type\":\"PropertyValueSpecification\",\"valueRequired\":true,\"valueName\":\"search_term_string\"}}],\"inLanguage\":\"it-IT\"},{\"@type\":\"Organization\",\"@id\":\"https:\\\/\\\/incrociata.it\\\/#organization\",\"name\":\"Azienda Agricola Mellini\",\"url\":\"https:\\\/\\\/incrociata.it\\\/\",\"logo\":{\"@type\":\"ImageObject\",\"inLanguage\":\"it-IT\",\"@id\":\"https:\\\/\\\/incrociata.it\\\/#\\\/schema\\\/logo\\\/image\\\/\",\"url\":\"https:\\\/\\\/incrociata.it\\\/wp-content\\\/uploads\\\/2018\\\/01\\\/IncrociataArtboard-1HD.jpg\",\"contentUrl\":\"https:\\\/\\\/incrociata.it\\\/wp-content\\\/uploads\\\/2018\\\/01\\\/IncrociataArtboard-1HD.jpg\",\"width\":1370,\"height\":1161,\"caption\":\"Azienda Agricola Mellini\"},\"image\":{\"@id\":\"https:\\\/\\\/incrociata.it\\\/#\\\/schema\\\/logo\\\/image\\\/\"},\"sameAs\":[\"https:\\\/\\\/www.facebook.com\\\/Incrociata\",\"https:\\\/\\\/www.instagram.com\\\/agriturismoincrociata\\\/\"]}]}<\/script>\n<!-- \/ Yoast SEO plugin. -->","yoast_head_json":{"title":"Contattaci &#8226; Agriturismo Incrociata 2026 23 Gennaio 2018 %contact","description":"Contattaci e prenota la tua vacanza all'Agriturismo Incrociata inviando una richiesta di prenotazione per la tua vacanza in Toscana.","robots":{"index":"index","follow":"follow","max-snippet":"max-snippet:-1","max-image-preview":"max-image-preview:large","max-video-preview":"max-video-preview:-1"},"canonical":"https:\/\/incrociata.it\/it\/contattaci\/","og_locale":"it_IT","og_type":"article","og_title":"Contattaci &#8226; Agriturismo Incrociata 2026 23 Gennaio 2018 %contact","og_description":"Contattaci e prenota la tua vacanza all'Agriturismo Incrociata inviando una richiesta di prenotazione per la tua vacanza in Toscana.","og_url":"https:\/\/incrociata.it\/it\/contattaci\/","og_site_name":"Agriturismo Incrociata","article_publisher":"https:\/\/www.facebook.com\/Incrociata","article_modified_time":"2022-09-26T14:24:15+00:00","og_image":[{"width":1700,"height":1131,"url":"https:\/\/incrociata.it\/wp-content\/uploads\/2014\/03\/agriturismo_incrociata_033.jpg","type":"image\/jpeg"}],"twitter_card":"summary_large_image","twitter_misc":{"Tempo di lettura stimato":"2 minuti"},"schema":{"@context":"https:\/\/schema.org","@graph":[{"@type":"WebPage","@id":"https:\/\/incrociata.it\/it\/contattaci\/","url":"https:\/\/incrociata.it\/it\/contattaci\/","name":"Contattaci &#8226; Agriturismo Incrociata 2026 23 Gennaio 2018 %contact","isPartOf":{"@id":"https:\/\/incrociata.it\/#website"},"datePublished":"2018-01-23T11:47:49+00:00","dateModified":"2022-09-26T14:24:15+00:00","description":"Contattaci e prenota la tua vacanza all'Agriturismo Incrociata inviando una richiesta di prenotazione per la tua vacanza in Toscana.","breadcrumb":{"@id":"https:\/\/incrociata.it\/it\/contattaci\/#breadcrumb"},"inLanguage":"it-IT","potentialAction":[{"@type":"ReadAction","target":["https:\/\/incrociata.it\/it\/contattaci\/"]}]},{"@type":"BreadcrumbList","@id":"https:\/\/incrociata.it\/it\/contattaci\/#breadcrumb","itemListElement":[{"@type":"ListItem","position":1,"name":"Home","item":"https:\/\/incrociata.it\/it\/"},{"@type":"ListItem","position":2,"name":"Contattaci"}]},{"@type":"WebSite","@id":"https:\/\/incrociata.it\/#website","url":"https:\/\/incrociata.it\/","name":"Agriturismo Incrociata","description":"A renovated Tuscan Agriturismo from 1800&#039;s","publisher":{"@id":"https:\/\/incrociata.it\/#organization"},"potentialAction":[{"@type":"SearchAction","target":{"@type":"EntryPoint","urlTemplate":"https:\/\/incrociata.it\/?s={search_term_string}"},"query-input":{"@type":"PropertyValueSpecification","valueRequired":true,"valueName":"search_term_string"}}],"inLanguage":"it-IT"},{"@type":"Organization","@id":"https:\/\/incrociata.it\/#organization","name":"Azienda Agricola Mellini","url":"https:\/\/incrociata.it\/","logo":{"@type":"ImageObject","inLanguage":"it-IT","@id":"https:\/\/incrociata.it\/#\/schema\/logo\/image\/","url":"https:\/\/incrociata.it\/wp-content\/uploads\/2018\/01\/IncrociataArtboard-1HD.jpg","contentUrl":"https:\/\/incrociata.it\/wp-content\/uploads\/2018\/01\/IncrociataArtboard-1HD.jpg","width":1370,"height":1161,"caption":"Azienda Agricola Mellini"},"image":{"@id":"https:\/\/incrociata.it\/#\/schema\/logo\/image\/"},"sameAs":["https:\/\/www.facebook.com\/Incrociata","https:\/\/www.instagram.com\/agriturismoincrociata\/"]}]}},"_links":{"self":[{"href":"https:\/\/incrociata.it\/it\/wp-json\/wp\/v2\/pages\/1295","targetHints":{"allow":["GET"]}}],"collection":[{"href":"https:\/\/incrociata.it\/it\/wp-json\/wp\/v2\/pages"}],"about":[{"href":"https:\/\/incrociata.it\/it\/wp-json\/wp\/v2\/types\/page"}],"author":[{"embeddable":true,"href":"https:\/\/incrociata.it\/it\/wp-json\/wp\/v2\/users\/11"}],"replies":[{"embeddable":true,"href":"https:\/\/incrociata.it\/it\/wp-json\/wp\/v2\/comments?post=1295"}],"version-history":[{"count":14,"href":"https:\/\/incrociata.it\/it\/wp-json\/wp\/v2\/pages\/1295\/revisions"}],"predecessor-version":[{"id":4273,"href":"https:\/\/incrociata.it\/it\/wp-json\/wp\/v2\/pages\/1295\/revisions\/4273"}],"wp:attachment":[{"href":"https:\/\/incrociata.it\/it\/wp-json\/wp\/v2\/media?parent=1295"}],"curies":[{"name":"wp","href":"https:\/\/api.w.org\/{rel}","templated":true}]}}