{"id":1255,"date":"2018-01-23T08:48:23","date_gmt":"2018-01-23T08:48:23","guid":{"rendered":"http:\/\/incrociata.it\/?page_id=1255"},"modified":"2021-04-15T11:26:31","modified_gmt":"2021-04-15T10:26:31","slug":"dintorni","status":"publish","type":"page","link":"https:\/\/incrociata.it\/it\/dintorni\/","title":{"rendered":"Vicino al Chianti e tra Siena, Arezzo e Firenze"},"content":{"rendered":"<div class=\"wpb-content-wrapper\"><p>[vc_section][vc_row][vc_column][vc_column_text]Agriturismo Incrociata e Villa Miravalle si trovano in un&#8217;area idilliaca circondata dalla campagna toscana con piccoli paesi pittoreschi, vicino al Chianti e alle principali citt\u00e0 e destinazioni in Toscana.[\/vc_column_text][vc_row_inner][vc_column_inner width=&#8221;1\/2&#8243;][vc_column_text]<strong>Siamo vicino al Chianti\u00a0<\/strong><\/p>\n<p>Dall&#8217;agriturismo Incrociata puoi raggiungere il Chianti Classico in soli 15 minuti. Castelnuovo Berardenga \u00e8 il primo paese che troverai con vigneti e suggestivi panorami. Un&#8217;altra meta molto prossima \u00e8 lo splendido Castello di Brolio dove poter passeggiare tra le storiche mura e degustare il loro vino. Percorrendo la strada troverai i pi\u00f9 famosi borghi del Chianti come Castellina in Chianti, Radda in Chianti, Gaiole e Greve in Chianti. Durante il percorso non perdere degustazioni di uno dei pi\u00f9 famosi vini del mondo![\/vc_column_text][\/vc_column_inner][vc_column_inner width=&#8221;1\/2&#8243;][vc_single_image image=&#8221;3758&#8243; img_size=&#8221;large&#8221;][\/vc_column_inner][\/vc_row_inner][\/vc_column][\/vc_row][vc_row][vc_column width=&#8221;1\/2&#8243;][vc_column_text]<strong>Siena, Arezzo e Firenze<\/strong><\/p>\n<p>Agriturismo Incrociata si trova al centro di un triangolo con ai vertici alcune delle pi\u00f9 belle citt\u00e0 toscane. Siena \u00e8 raggiungibile con superstrada in 25 minuti di macchina, mentre Arezzo, dove puoi arrivare con diversi percorsi in 45 minuti, e Firenze in 60 minuti di auto (Arezzo e Firenze raggiungibili anche con il treno dalla stazione di Bucine).[\/vc_column_text][\/vc_column][vc_column width=&#8221;1\/2&#8243;][vc_single_image image=&#8221;3760&#8243; img_size=&#8221;large&#8221;][\/vc_column][\/vc_row][vc_row][vc_column width=&#8221;1\/2&#8243;][vc_column_text]<strong>Mare<\/strong><\/p>\n<p>Vorresti goderti una giornata al mare? Ti serve solo un&#8217;ora e mezzo di macchina in superstrada per raggiungere bellissime destinazioni di mare nella costa toscana come Marina di Grosseto, Castiglion della Pescaia e Talamone.[\/vc_column_text][\/vc_column][vc_column width=&#8221;1\/2&#8243;][vc_single_image image=&#8221;3763&#8243; img_size=&#8221;large&#8221;][\/vc_column][\/vc_row][vc_row][vc_column][vc_column_text]Visita il sito di promozione della Regione Toscana per scoprire le innumerevoli bellezze della nostra regione <a href=\"https:\/\/www.visittuscany.com\/it\/\">Visit Tuscany<\/a>[\/vc_column_text][\/vc_column][\/vc_row][\/vc_section][vc_row][vc_column][vc_empty_space height=&#8221;5px&#8221;][vc_gmaps link=&#8221;#E-8_JTNDaWZyYW1lJTIwc3JjJTNEJTIyaHR0cHMlM0ElMkYlMkZ3d3cuZ29vZ2xlLmNvbSUyRm1hcHMlMkZlbWJlZCUzRnBiJTNEJTIxMW0xNCUyMTFtOCUyMTFtMyUyMTFkNzM2MjExLjQ3MjI4Njg5MDclMjEyZDExLjE4ODg3NTg5MDgwNTA5NSUyMTNkNDMuODgwMTU1MjY5NDI2ODIlMjEzbTIlMjExaTEwMjQlMjEyaTc2OCUyMTRmMTMuMSUyMTNtMyUyMTFtMiUyMTFzMHgwJTI1M0EweGVjMjdhNjE0NjI1NDgyOCUyMTJzQWdyaXR1cmlzbW8lMkJJbmNyb2NpYXRhJTIxNWUwJTIxM20yJTIxMXNlbiUyMTJzaXQlMjE0djE1MTI0NjU4MzMxNDQlMjIlMjB3aWR0aCUzRCUyMjYwMCUyMiUyMGhlaWdodCUzRCUyMjQ1MCUyMiUyMGZyYW1lYm9yZGVyJTNEJTIyMCUyMiUyMHN0eWxlJTNEJTIyYm9yZGVyJTNBMCUyMiUyMGFsbG93ZnVsbHNjcmVlbiUzRSUzQyUyRmlmcmFtZSUzRQ==&#8221;][vc_column_text]<\/p>\n<h4>Venendo dal Nord Italia (Bologna e Firenze):<\/h4>\n<ul class=\"dot italic\">\n<li>Prendere l\u2019autostrada A1, uscita VALDARNO.<\/li>\n<li>Seguire le indicazioni per MONTEVARCHI e poi successivamente per LEVANE.<br \/>\nA Levane girare a destra in direzione SIENA.<\/li>\n<li>Dopo aver passato la piccola cittadina di BUCINE, raggiungete AMBRA e poi PIETRAVIVA.<\/li>\n<li>Continuate sulla strada principale per circa 100m fino a vedere il cartello \u201cAGRITURISMO INCROCIATA\u201d sulla destra.<\/li>\n<\/ul>\n<h4>Venendo dal Sud Italia (Roma):<\/h4>\n<ul class=\"dot italic\">\n<li>Dall\u2019autostrada A1, uscita VALDICHIANA, seguire la strada direzione SIENA immettendosi nella superstrada Siena-Bettolle.<\/li>\n<li>Uscire a COLONNA DEL GRILLO e seguire le indicazioni per BUCINE.<\/li>\n<li>Dopo approssimativamente 8 km vedrete sulla destra il cartello \u201cAGRITURISMO INCROCIATA\u201d<\/li>\n<\/ul>\n<p>[\/vc_column_text][vc_column_text]<\/p>\n<h4>Coordinate GPS<\/h4>\n<ul class=\"dot italic\">\n<li>N 43.39 30 50<\/li>\n<li>E 11.57 60 50<\/li>\n<\/ul>\n<p>[\/vc_column_text][vc_column_text]Per altre attivit\u00e0 nei dintorni visita la nostra pagina <a href=\"https:\/\/incrociata.it\/it\/attivita-in-toscana\/\">Attivit\u00e0<\/a>[\/vc_column_text][\/vc_column][\/vc_row]<\/p>\n<\/div>","protected":false},"excerpt":{"rendered":"<p>[vc_section][vc_row][vc_column][vc_column_text]Agriturismo Incrociata e Villa Miravalle si trovano in un&#8217;area idilliaca circondata dalla campagna toscana con piccoli paesi pittoreschi, vicino al Chianti e alle principali citt\u00e0 e destinazioni in Toscana.[\/vc_column_text][vc_row_inner][vc_column_inner width=&#8221;1\/2&#8243;][vc_column_text]Siamo vicino al Chianti\u00a0 Dall&#8217;agriturismo Incrociata puoi raggiungere il Chianti Classico in soli 15 minuti. Castelnuovo Berardenga \u00e8 il primo paese che troverai con vigneti e &hellip; <a href=\"https:\/\/incrociata.it\/it\/dintorni\/\" class=\"more-link\">Continue reading<span class=\"screen-reader-text\"> &#8220;Vicino al Chianti e tra Siena, Arezzo e Firenze&#8221;<\/span><\/a><\/p>\n","protected":false},"author":11,"featured_media":0,"parent":0,"menu_order":0,"comment_status":"closed","ping_status":"closed","template":"template-full-width-grid-page.php","meta":{"_acf_changed":false,"_joinchat":[],"footnotes":""},"class_list":["post-1255","page","type-page","status-publish","hentry"],"acf":[],"yoast_head":"<!-- This site is optimized with the Yoast SEO plugin v27.1.1 - https:\/\/yoast.com\/product\/yoast-seo-wordpress\/ -->\n<title>Agriturismo a Bucine vicino al Chianti tra Siena e Arezzo | Incrociata<\/title>\n<meta name=\"description\" content=\"Agriturismo Incrociata \u00e8 in una posizione perfetta vicino al Chianti fra Siena e Arezzo, a 60 chilometri da Firenze.\" \/>\n<meta name=\"robots\" content=\"index, follow, max-snippet:-1, max-image-preview:large, max-video-preview:-1\" \/>\n<link rel=\"canonical\" href=\"https:\/\/incrociata.it\/it\/dintorni\/\" \/>\n<meta property=\"og:locale\" content=\"it_IT\" \/>\n<meta property=\"og:type\" content=\"article\" \/>\n<meta property=\"og:title\" content=\"Agriturismo a Bucine vicino al Chianti tra Siena e Arezzo | Incrociata\" \/>\n<meta property=\"og:description\" content=\"Agriturismo Incrociata \u00e8 in una posizione perfetta vicino al Chianti fra Siena e Arezzo, a 60 chilometri da Firenze.\" \/>\n<meta property=\"og:url\" content=\"https:\/\/incrociata.it\/it\/dintorni\/\" \/>\n<meta property=\"og:site_name\" content=\"Agriturismo Incrociata\" \/>\n<meta property=\"article:publisher\" content=\"https:\/\/www.facebook.com\/Incrociata\" \/>\n<meta property=\"article:modified_time\" content=\"2021-04-15T10:26:31+00:00\" \/>\n<meta property=\"og:image\" content=\"https:\/\/incrociata.it\/wp-content\/uploads\/2014\/03\/agriturismo_incrociata_033.jpg\" \/>\n\t<meta property=\"og:image:width\" content=\"1700\" \/>\n\t<meta property=\"og:image:height\" content=\"1131\" \/>\n\t<meta property=\"og:image:type\" content=\"image\/jpeg\" \/>\n<meta name=\"twitter:card\" content=\"summary_large_image\" \/>\n<meta name=\"twitter:label1\" content=\"Tempo di lettura stimato\" \/>\n\t<meta name=\"twitter:data1\" content=\"2 minuti\" \/>\n<script type=\"application\/ld+json\" class=\"yoast-schema-graph\">{\"@context\":\"https:\/\/schema.org\",\"@graph\":[{\"@type\":\"WebPage\",\"@id\":\"https:\/\/incrociata.it\/it\/dintorni\/\",\"url\":\"https:\/\/incrociata.it\/it\/dintorni\/\",\"name\":\"Agriturismo a Bucine vicino al Chianti tra Siena e Arezzo | Incrociata\",\"isPartOf\":{\"@id\":\"https:\/\/incrociata.it\/#website\"},\"datePublished\":\"2018-01-23T08:48:23+00:00\",\"dateModified\":\"2021-04-15T10:26:31+00:00\",\"description\":\"Agriturismo Incrociata \u00e8 in una posizione perfetta vicino al Chianti fra Siena e Arezzo, a 60 chilometri da Firenze.\",\"breadcrumb\":{\"@id\":\"https:\/\/incrociata.it\/it\/dintorni\/#breadcrumb\"},\"inLanguage\":\"it-IT\",\"potentialAction\":[{\"@type\":\"ReadAction\",\"target\":[\"https:\/\/incrociata.it\/it\/dintorni\/\"]}]},{\"@type\":\"BreadcrumbList\",\"@id\":\"https:\/\/incrociata.it\/it\/dintorni\/#breadcrumb\",\"itemListElement\":[{\"@type\":\"ListItem\",\"position\":1,\"name\":\"Home\",\"item\":\"https:\/\/incrociata.it\/it\/\"},{\"@type\":\"ListItem\",\"position\":2,\"name\":\"Vicino al Chianti e tra Siena, Arezzo e Firenze\"}]},{\"@type\":\"WebSite\",\"@id\":\"https:\/\/incrociata.it\/#website\",\"url\":\"https:\/\/incrociata.it\/\",\"name\":\"Agriturismo Incrociata\",\"description\":\"A renovated Tuscan Agriturismo from 1800&#039;s\",\"publisher\":{\"@id\":\"https:\/\/incrociata.it\/#organization\"},\"potentialAction\":[{\"@type\":\"SearchAction\",\"target\":{\"@type\":\"EntryPoint\",\"urlTemplate\":\"https:\/\/incrociata.it\/?s={search_term_string}\"},\"query-input\":{\"@type\":\"PropertyValueSpecification\",\"valueRequired\":true,\"valueName\":\"search_term_string\"}}],\"inLanguage\":\"it-IT\"},{\"@type\":\"Organization\",\"@id\":\"https:\/\/incrociata.it\/#organization\",\"name\":\"Azienda Agricola Mellini\",\"url\":\"https:\/\/incrociata.it\/\",\"logo\":{\"@type\":\"ImageObject\",\"inLanguage\":\"it-IT\",\"@id\":\"https:\/\/incrociata.it\/#\/schema\/logo\/image\/\",\"url\":\"https:\/\/incrociata.it\/wp-content\/uploads\/2018\/01\/IncrociataArtboard-1HD.jpg\",\"contentUrl\":\"https:\/\/incrociata.it\/wp-content\/uploads\/2018\/01\/IncrociataArtboard-1HD.jpg\",\"width\":1370,\"height\":1161,\"caption\":\"Azienda Agricola Mellini\"},\"image\":{\"@id\":\"https:\/\/incrociata.it\/#\/schema\/logo\/image\/\"},\"sameAs\":[\"https:\/\/www.facebook.com\/Incrociata\",\"https:\/\/www.instagram.com\/agriturismoincrociata\/\"]}]}<\/script>\n<!-- \/ Yoast SEO plugin. -->","yoast_head_json":{"title":"Agriturismo a Bucine vicino al Chianti tra Siena e Arezzo | Incrociata","description":"Agriturismo Incrociata \u00e8 in una posizione perfetta vicino al Chianti fra Siena e Arezzo, a 60 chilometri da Firenze.","robots":{"index":"index","follow":"follow","max-snippet":"max-snippet:-1","max-image-preview":"max-image-preview:large","max-video-preview":"max-video-preview:-1"},"canonical":"https:\/\/incrociata.it\/it\/dintorni\/","og_locale":"it_IT","og_type":"article","og_title":"Agriturismo a Bucine vicino al Chianti tra Siena e Arezzo | Incrociata","og_description":"Agriturismo Incrociata \u00e8 in una posizione perfetta vicino al Chianti fra Siena e Arezzo, a 60 chilometri da Firenze.","og_url":"https:\/\/incrociata.it\/it\/dintorni\/","og_site_name":"Agriturismo Incrociata","article_publisher":"https:\/\/www.facebook.com\/Incrociata","article_modified_time":"2021-04-15T10:26:31+00:00","og_image":[{"width":1700,"height":1131,"url":"https:\/\/incrociata.it\/wp-content\/uploads\/2014\/03\/agriturismo_incrociata_033.jpg","type":"image\/jpeg"}],"twitter_card":"summary_large_image","twitter_misc":{"Tempo di lettura stimato":"2 minuti"},"schema":{"@context":"https:\/\/schema.org","@graph":[{"@type":"WebPage","@id":"https:\/\/incrociata.it\/it\/dintorni\/","url":"https:\/\/incrociata.it\/it\/dintorni\/","name":"Agriturismo a Bucine vicino al Chianti tra Siena e Arezzo | Incrociata","isPartOf":{"@id":"https:\/\/incrociata.it\/#website"},"datePublished":"2018-01-23T08:48:23+00:00","dateModified":"2021-04-15T10:26:31+00:00","description":"Agriturismo Incrociata \u00e8 in una posizione perfetta vicino al Chianti fra Siena e Arezzo, a 60 chilometri da Firenze.","breadcrumb":{"@id":"https:\/\/incrociata.it\/it\/dintorni\/#breadcrumb"},"inLanguage":"it-IT","potentialAction":[{"@type":"ReadAction","target":["https:\/\/incrociata.it\/it\/dintorni\/"]}]},{"@type":"BreadcrumbList","@id":"https:\/\/incrociata.it\/it\/dintorni\/#breadcrumb","itemListElement":[{"@type":"ListItem","position":1,"name":"Home","item":"https:\/\/incrociata.it\/it\/"},{"@type":"ListItem","position":2,"name":"Vicino al Chianti e tra Siena, Arezzo e Firenze"}]},{"@type":"WebSite","@id":"https:\/\/incrociata.it\/#website","url":"https:\/\/incrociata.it\/","name":"Agriturismo Incrociata","description":"A renovated Tuscan Agriturismo from 1800&#039;s","publisher":{"@id":"https:\/\/incrociata.it\/#organization"},"potentialAction":[{"@type":"SearchAction","target":{"@type":"EntryPoint","urlTemplate":"https:\/\/incrociata.it\/?s={search_term_string}"},"query-input":{"@type":"PropertyValueSpecification","valueRequired":true,"valueName":"search_term_string"}}],"inLanguage":"it-IT"},{"@type":"Organization","@id":"https:\/\/incrociata.it\/#organization","name":"Azienda Agricola Mellini","url":"https:\/\/incrociata.it\/","logo":{"@type":"ImageObject","inLanguage":"it-IT","@id":"https:\/\/incrociata.it\/#\/schema\/logo\/image\/","url":"https:\/\/incrociata.it\/wp-content\/uploads\/2018\/01\/IncrociataArtboard-1HD.jpg","contentUrl":"https:\/\/incrociata.it\/wp-content\/uploads\/2018\/01\/IncrociataArtboard-1HD.jpg","width":1370,"height":1161,"caption":"Azienda Agricola Mellini"},"image":{"@id":"https:\/\/incrociata.it\/#\/schema\/logo\/image\/"},"sameAs":["https:\/\/www.facebook.com\/Incrociata","https:\/\/www.instagram.com\/agriturismoincrociata\/"]}]}},"_links":{"self":[{"href":"https:\/\/incrociata.it\/it\/wp-json\/wp\/v2\/pages\/1255","targetHints":{"allow":["GET"]}}],"collection":[{"href":"https:\/\/incrociata.it\/it\/wp-json\/wp\/v2\/pages"}],"about":[{"href":"https:\/\/incrociata.it\/it\/wp-json\/wp\/v2\/types\/page"}],"author":[{"embeddable":true,"href":"https:\/\/incrociata.it\/it\/wp-json\/wp\/v2\/users\/11"}],"replies":[{"embeddable":true,"href":"https:\/\/incrociata.it\/it\/wp-json\/wp\/v2\/comments?post=1255"}],"version-history":[{"count":24,"href":"https:\/\/incrociata.it\/it\/wp-json\/wp\/v2\/pages\/1255\/revisions"}],"predecessor-version":[{"id":3910,"href":"https:\/\/incrociata.it\/it\/wp-json\/wp\/v2\/pages\/1255\/revisions\/3910"}],"wp:attachment":[{"href":"https:\/\/incrociata.it\/it\/wp-json\/wp\/v2\/media?parent=1255"}],"curies":[{"name":"wp","href":"https:\/\/api.w.org\/{rel}","templated":true}]}}