{"id":4815,"date":"2025-06-18T15:47:16","date_gmt":"2025-06-18T14:47:16","guid":{"rendered":"https:\/\/incrociata.it\/buchungsbedingungen-konditionen\/"},"modified":"2026-01-19T10:41:49","modified_gmt":"2026-01-19T09:41:49","slug":"buchungsbedingungen-konditionen","status":"publish","type":"page","link":"https:\/\/incrociata.it\/de\/buchungsbedingungen-konditionen\/","title":{"rendered":"Buchungsbedingungen &amp; Konditionen"},"content":{"rendered":"<div class=\"wpb-content-wrapper\"><p>[vc_row][vc_column][vc_empty_space][vc_text_separator title=&#8220;Buchungsbedingungen &amp; Konditionen&#8220;][\/vc_column][\/vc_row]<\/p>\n<p>[vc_row][vc_column][vc_column_text]<strong>Extras (nicht im Preis inbegriffen)<\/strong><\/p>\n<ul>\n<li>Heizung: verpflichtend vom 1. Oktober bis zum 1. Mai Dispensa-Granaio-Colombaio-Arco-Greppia-Cantina-Capanna \u20ac 35 pro tag;\u00a0 \u00a0 \u00a0 \u00a0Villa Miravalle \u20ac 50 pro tag<\/li>\n<li>Zusatzbett: 50\u20ac pro Person \/ pro Aufenthalt<\/li>\n<li><span style=\"font-size: 0.875rem;\">Endreinigung: <\/span>\n<ul>\n<li style=\"list-style-type: none;\">\n<ul>\n<li><span style=\"font-size: 0.875rem;\">Granaio und Dispensa: 50,00\u20ac <\/span><\/li>\n<li><span style=\"font-size: 0.875rem;\">Colombaio, Cantina, Greppia, Arco, Cottage Capanna: 70,00\u20ac<\/span><\/li>\n<li><span style=\"font-size: 0.875rem;\">Villa Miravalle: 90,00\u20ac<\/span><\/li>\n<\/ul>\n<\/li>\n<\/ul>\n<\/li>\n<li><span style=\"font-size: 0.875rem;\">Kurtaxe: 2.00 Euro pro Erwachsenem f\u00fcr die ersten 4 N\u00e4chte, <\/span>ausgenommen Kinder unter 12 Jahren<span style=\"font-size: 0.875rem;\">. Die Steuer muss bar bezahlt werden \u2013 f\u00fcr Steuerzahlungen werden keine Kreditkarten akzeptiert.<\/span><\/li>\n<li>Haustiere: 50,00\u20ac pro Aufenthalt<\/li>\n<li>Waschmaschine: 2,50\u20ac pro Benutzung<\/li>\n<li>Poolhandtuchverleih: 6 \u20ac pro Aufenthalt<\/li>\n<\/ul>\n<p>[\/vc_column_text][vc_column_text]<strong>Im Preis inbegriffen<\/strong><\/p>\n<ul>\n<li>Bettw\u00e4sche und Handt\u00fccher (erste Garnitur und w\u00f6chentlicher Wechsel)<\/li>\n<li>Strom und Warmwasser<\/li>\n<li>Babybett und Hochstuhl<\/li>\n<li>WLAN<\/li>\n<li>Grill und Schwimmbad<\/li>\n<\/ul>\n<p>Jedes Apartment verf\u00fcgt \u00fcber eine voll ausgestattete K\u00fcche, ein Badezimmer mit Dusche, Bettw\u00e4sche, Handt\u00fccher und einen Flachbild-TV. Bitte bringen Sie Ihre eigenen Badet\u00fccher mit.[\/vc_column_text][\/vc_column][\/vc_row][vc_row][vc_column][vc_column_text]<\/p>\n<p class=\"bold nobottom\"><strong>Belegungszahl der Apartments<\/strong><\/p>\n<p class=\"notopbottom\">Die Anzahl der Bewohner pro Apartment darf die auf dem Buchungsformular angegebene oder die zum Zeitpunkt der Buchung vereinbarte Anzahl nicht \u00fcberschreiten. Jegliche \u00c4nderungen der Belegungszahl, Tiere sowie Zelte oder Wohnmobile m\u00fcssen von der Gesch\u00e4ftsleitung genehmigt werden.<\/p>\n<p><strong>An- und Abreise<\/strong><\/p>\n<ul class=\"list\">\n<li><strong>CHECK-IN<\/strong>: von 15:00 bis 19:00 Uhr.<\/li>\n<li><strong>CHECK-OUT<\/strong>: Am Abreisetag bitten wir unsere G\u00e4ste, die Apartments bis 10:00 Uhr zu verlassen.<\/li>\n<\/ul>\n<p class=\"bold nobottom\"><strong>Vorzeitige Abreise<\/strong><\/p>\n<p class=\"notopbottom\">G\u00e4ste, die aus beliebigen Gr\u00fcnden vor Ablauf ihrer Buchung abreisen m\u00fcssen, haben keinen Anspruch auf R\u00fcckerstattung.<\/p>\n<p>[\/vc_column_text][vc_column_text]<\/p>\n<ul class=\"list\">\n<li><strong>Ihre Buchung kann per E-MAIL best\u00e4tigt werden.<\/strong><\/li>\n<li>Die Reservierung ist erst bei Erhalt einer Anzahlung von 30% der Gesamtkosten Ihres Aufenthalts g\u00fcltig.<\/li>\n<li>Die Bankverbindung wird auf Anfrage mitgeteilt.<\/li>\n<li>Der Restbetrag (70%) wird bei Ihrer Ankunft in bar oder per Karte bezahlt.<\/li>\n<li>Nicht registrierte G\u00e4ste d\u00fcrfen ohne ausdr\u00fcckliche Genehmigung der Gesch\u00e4ftsleitung nicht auf dem Anwesen \u00fcbernachten.<\/li>\n<\/ul>\n<p class=\"notopbottom font090 italic\"><em>Alle Bankspesen und Provisionen gehen zu Lasten des Kunden.<\/em><\/p>\n<p><strong>Reservierungen<\/strong><br \/>\nBei Ihrer Buchung ist eine Sicherheitskaution in H\u00f6he von 30% des Gesamtbetrages Ihres Aufenthalts erforderlich.<\/p>\n<p>Der Restbetrag der Reservierung ist bei Ihrer Ankunft vor Ort zu entrichten, zuz\u00fcglich m\u00f6glicher Zusatzkosten (siehe: Extras (nicht im Preis inbegriffen)).<\/p>\n<p><strong>Minimale Mietdauer<\/strong><br \/>\nNebensaison: 2 N\u00e4chte; Zwischensaison: 3 N\u00e4chte; Hauptsaison: 7 N\u00e4chte<\/p>\n<p><strong>Zahlung<\/strong><br \/>\nDie Zahlung kann auf folgende Weise erfolgen: Bargeld, Bank\u00fcberweisung, Master Card, Visa.<\/p>\n<p><strong>Gruppen und Veranstaltungen<\/strong><br \/>\nF\u00fcr Gruppen oder Veranstaltungen kann eine h\u00f6here Anzahlung oder eine abweichende Zahlungspolitik gelten. Falls Sie als Gruppe anreisen, <a href=\"mailto:info@incrociata.it\">kontaktieren Sie uns<\/a> bitte mit Details.<\/p>\n<p><strong>Stornierungsbedingungen<\/strong><\/p>\n<p>Bis zu 30 Tage vor Anreise ist die Anzahlung abz\u00fcglich Banktransaktionsgeb\u00fchren erstattungsf\u00e4hig. Nach 30 Tagen ist die Anzahlung nicht erstattungsf\u00e4hig.<\/p>\n<p><strong>Stornierungsbedingungen aufgrund von Covid-19<\/strong><\/p>\n<p>Da sich die weltweite Gesundheitssituation st\u00e4ndig \u00e4ndert, hat der Gast im Falle von Einschr\u00e4nkungen aufgrund von Covid-19 im Herkunfts- oder Zielland das Recht, den Vertrag mit voller R\u00fcckerstattung zu stornieren.<\/p>\n<p>[\/vc_column_text][\/vc_column][\/vc_row]<\/p>\n<\/div>","protected":false},"excerpt":{"rendered":"<p>[vc_row][vc_column][vc_empty_space][vc_text_separator title=&#8220;Buchungsbedingungen &amp; Konditionen&#8220;][\/vc_column][\/vc_row] [vc_row][vc_column][vc_column_text]Extras (nicht im Preis inbegriffen) Heizung: verpflichtend vom 1. Oktober bis zum 1. Mai Dispensa-Granaio-Colombaio-Arco-Greppia-Cantina-Capanna \u20ac 35 pro tag;\u00a0 \u00a0 \u00a0 \u00a0Villa Miravalle \u20ac 50 pro tag Zusatzbett: 50\u20ac pro Person \/ pro Aufenthalt Endreinigung: Granaio und Dispensa: 50,00\u20ac Colombaio, Cantina, Greppia, Arco, Cottage Capanna: 70,00\u20ac Villa Miravalle: 90,00\u20ac Kurtaxe: 2.00 &hellip; <a href=\"https:\/\/incrociata.it\/de\/buchungsbedingungen-konditionen\/\" class=\"more-link\">Continue reading<span class=\"screen-reader-text\"> &#8222;Buchungsbedingungen &amp; Konditionen&#8220;<\/span><\/a><\/p>\n","protected":false},"author":11,"featured_media":4980,"parent":0,"menu_order":0,"comment_status":"closed","ping_status":"closed","template":"template-full-width-page.php","meta":{"_acf_changed":false,"_joinchat":[],"footnotes":""},"class_list":["post-4815","page","type-page","status-publish","has-post-thumbnail","hentry"],"acf":[],"yoast_head":"<!-- This site is optimized with the Yoast SEO plugin v27.1.1 - https:\/\/yoast.com\/product\/yoast-seo-wordpress\/ -->\n<title>Buchungsbedingungen &amp; Konditionen &#8226; Agriturismo Incrociata<\/title>\n<meta name=\"robots\" content=\"index, follow, max-snippet:-1, max-image-preview:large, max-video-preview:-1\" \/>\n<link rel=\"canonical\" href=\"https:\/\/incrociata.it\/de\/buchungsbedingungen-konditionen\/\" \/>\n<meta property=\"og:locale\" content=\"de_DE\" \/>\n<meta property=\"og:type\" content=\"article\" \/>\n<meta property=\"og:title\" content=\"Buchungsbedingungen &amp; Konditionen &#8226; Agriturismo Incrociata\" \/>\n<meta property=\"og:description\" content=\"[vc_row][vc_column][vc_empty_space][vc_text_separator title=&#8220;Buchungsbedingungen &amp; Konditionen&#8220;][\/vc_column][\/vc_row] [vc_row][vc_column][vc_column_text]Extras (nicht im Preis inbegriffen) Heizung: verpflichtend vom 1. Oktober bis zum 1. Mai Dispensa-Granaio-Colombaio-Arco-Greppia-Cantina-Capanna \u20ac 35 pro tag;\u00a0 \u00a0 \u00a0 \u00a0Villa Miravalle \u20ac 50 pro tag Zusatzbett: 50\u20ac pro Person \/ pro Aufenthalt Endreinigung: Granaio und Dispensa: 50,00\u20ac Colombaio, Cantina, Greppia, Arco, Cottage Capanna: 70,00\u20ac Villa Miravalle: 90,00\u20ac Kurtaxe: 2.00 &hellip; Continue reading &quot;Buchungsbedingungen &amp; Konditionen&quot;\" \/>\n<meta property=\"og:url\" content=\"https:\/\/incrociata.it\/de\/buchungsbedingungen-konditionen\/\" \/>\n<meta property=\"og:site_name\" content=\"Agriturismo Incrociata\" \/>\n<meta property=\"article:publisher\" content=\"https:\/\/www.facebook.com\/Incrociata\" \/>\n<meta property=\"article:modified_time\" content=\"2026-01-19T09:41:49+00:00\" \/>\n<meta property=\"og:image\" content=\"https:\/\/incrociata.it\/wp-content\/uploads\/2014\/03\/agriturismo_incrociata_033.jpg\" \/>\n\t<meta property=\"og:image:width\" content=\"1700\" \/>\n\t<meta property=\"og:image:height\" content=\"1131\" \/>\n\t<meta property=\"og:image:type\" content=\"image\/jpeg\" \/>\n<meta name=\"twitter:card\" content=\"summary_large_image\" \/>\n<meta name=\"twitter:label1\" content=\"Gesch\u00e4tzte Lesezeit\" \/>\n\t<meta name=\"twitter:data1\" content=\"3\u00a0Minuten\" \/>\n<script type=\"application\/ld+json\" class=\"yoast-schema-graph\">{\"@context\":\"https:\/\/schema.org\",\"@graph\":[{\"@type\":\"WebPage\",\"@id\":\"https:\/\/incrociata.it\/de\/buchungsbedingungen-konditionen\/\",\"url\":\"https:\/\/incrociata.it\/de\/buchungsbedingungen-konditionen\/\",\"name\":\"Buchungsbedingungen &amp; Konditionen &#8226; Agriturismo Incrociata\",\"isPartOf\":{\"@id\":\"https:\/\/incrociata.it\/#website\"},\"primaryImageOfPage\":{\"@id\":\"https:\/\/incrociata.it\/de\/buchungsbedingungen-konditionen\/#primaryimage\"},\"image\":{\"@id\":\"https:\/\/incrociata.it\/de\/buchungsbedingungen-konditionen\/#primaryimage\"},\"thumbnailUrl\":\"https:\/\/incrociata.it\/wp-content\/uploads\/2014\/03\/agriturismo_incrociata_033.jpg\",\"datePublished\":\"2025-06-18T14:47:16+00:00\",\"dateModified\":\"2026-01-19T09:41:49+00:00\",\"breadcrumb\":{\"@id\":\"https:\/\/incrociata.it\/de\/buchungsbedingungen-konditionen\/#breadcrumb\"},\"inLanguage\":\"de\",\"potentialAction\":[{\"@type\":\"ReadAction\",\"target\":[\"https:\/\/incrociata.it\/de\/buchungsbedingungen-konditionen\/\"]}]},{\"@type\":\"ImageObject\",\"inLanguage\":\"de\",\"@id\":\"https:\/\/incrociata.it\/de\/buchungsbedingungen-konditionen\/#primaryimage\",\"url\":\"https:\/\/incrociata.it\/wp-content\/uploads\/2014\/03\/agriturismo_incrociata_033.jpg\",\"contentUrl\":\"https:\/\/incrociata.it\/wp-content\/uploads\/2014\/03\/agriturismo_incrociata_033.jpg\",\"width\":1700,\"height\":1131,\"caption\":\"Incrociata, Agriturismo Incrociata, Tuscan Agriturismo, Farmhouse suites, Holiday apartments Tuscany, Tuscany accommodation, Tuscan holiday home, Casa vacanza\"},{\"@type\":\"BreadcrumbList\",\"@id\":\"https:\/\/incrociata.it\/de\/buchungsbedingungen-konditionen\/#breadcrumb\",\"itemListElement\":[{\"@type\":\"ListItem\",\"position\":1,\"name\":\"Home\",\"item\":\"https:\/\/incrociata.it\/de\/\"},{\"@type\":\"ListItem\",\"position\":2,\"name\":\"Buchungsbedingungen &amp; Konditionen\"}]},{\"@type\":\"WebSite\",\"@id\":\"https:\/\/incrociata.it\/#website\",\"url\":\"https:\/\/incrociata.it\/\",\"name\":\"Agriturismo Incrociata\",\"description\":\"A renovated Tuscan Agriturismo from 1800&#039;s\",\"publisher\":{\"@id\":\"https:\/\/incrociata.it\/#organization\"},\"potentialAction\":[{\"@type\":\"SearchAction\",\"target\":{\"@type\":\"EntryPoint\",\"urlTemplate\":\"https:\/\/incrociata.it\/?s={search_term_string}\"},\"query-input\":{\"@type\":\"PropertyValueSpecification\",\"valueRequired\":true,\"valueName\":\"search_term_string\"}}],\"inLanguage\":\"de\"},{\"@type\":\"Organization\",\"@id\":\"https:\/\/incrociata.it\/#organization\",\"name\":\"Azienda Agricola Mellini\",\"url\":\"https:\/\/incrociata.it\/\",\"logo\":{\"@type\":\"ImageObject\",\"inLanguage\":\"de\",\"@id\":\"https:\/\/incrociata.it\/#\/schema\/logo\/image\/\",\"url\":\"https:\/\/incrociata.it\/wp-content\/uploads\/2018\/01\/IncrociataArtboard-1HD.jpg\",\"contentUrl\":\"https:\/\/incrociata.it\/wp-content\/uploads\/2018\/01\/IncrociataArtboard-1HD.jpg\",\"width\":1370,\"height\":1161,\"caption\":\"Azienda Agricola Mellini\"},\"image\":{\"@id\":\"https:\/\/incrociata.it\/#\/schema\/logo\/image\/\"},\"sameAs\":[\"https:\/\/www.facebook.com\/Incrociata\",\"https:\/\/www.instagram.com\/agriturismoincrociata\/\"]}]}<\/script>\n<!-- \/ Yoast SEO plugin. -->","yoast_head_json":{"title":"Buchungsbedingungen &amp; Konditionen &#8226; Agriturismo Incrociata","robots":{"index":"index","follow":"follow","max-snippet":"max-snippet:-1","max-image-preview":"max-image-preview:large","max-video-preview":"max-video-preview:-1"},"canonical":"https:\/\/incrociata.it\/de\/buchungsbedingungen-konditionen\/","og_locale":"de_DE","og_type":"article","og_title":"Buchungsbedingungen &amp; Konditionen &#8226; Agriturismo Incrociata","og_description":"[vc_row][vc_column][vc_empty_space][vc_text_separator title=&#8220;Buchungsbedingungen &amp; Konditionen&#8220;][\/vc_column][\/vc_row] [vc_row][vc_column][vc_column_text]Extras (nicht im Preis inbegriffen) Heizung: verpflichtend vom 1. Oktober bis zum 1. Mai Dispensa-Granaio-Colombaio-Arco-Greppia-Cantina-Capanna \u20ac 35 pro tag;\u00a0 \u00a0 \u00a0 \u00a0Villa Miravalle \u20ac 50 pro tag Zusatzbett: 50\u20ac pro Person \/ pro Aufenthalt Endreinigung: Granaio und Dispensa: 50,00\u20ac Colombaio, Cantina, Greppia, Arco, Cottage Capanna: 70,00\u20ac Villa Miravalle: 90,00\u20ac Kurtaxe: 2.00 &hellip; Continue reading \"Buchungsbedingungen &amp; Konditionen\"","og_url":"https:\/\/incrociata.it\/de\/buchungsbedingungen-konditionen\/","og_site_name":"Agriturismo Incrociata","article_publisher":"https:\/\/www.facebook.com\/Incrociata","article_modified_time":"2026-01-19T09:41:49+00:00","og_image":[{"width":1700,"height":1131,"url":"https:\/\/incrociata.it\/wp-content\/uploads\/2014\/03\/agriturismo_incrociata_033.jpg","type":"image\/jpeg"}],"twitter_card":"summary_large_image","twitter_misc":{"Gesch\u00e4tzte Lesezeit":"3\u00a0Minuten"},"schema":{"@context":"https:\/\/schema.org","@graph":[{"@type":"WebPage","@id":"https:\/\/incrociata.it\/de\/buchungsbedingungen-konditionen\/","url":"https:\/\/incrociata.it\/de\/buchungsbedingungen-konditionen\/","name":"Buchungsbedingungen &amp; Konditionen &#8226; Agriturismo Incrociata","isPartOf":{"@id":"https:\/\/incrociata.it\/#website"},"primaryImageOfPage":{"@id":"https:\/\/incrociata.it\/de\/buchungsbedingungen-konditionen\/#primaryimage"},"image":{"@id":"https:\/\/incrociata.it\/de\/buchungsbedingungen-konditionen\/#primaryimage"},"thumbnailUrl":"https:\/\/incrociata.it\/wp-content\/uploads\/2014\/03\/agriturismo_incrociata_033.jpg","datePublished":"2025-06-18T14:47:16+00:00","dateModified":"2026-01-19T09:41:49+00:00","breadcrumb":{"@id":"https:\/\/incrociata.it\/de\/buchungsbedingungen-konditionen\/#breadcrumb"},"inLanguage":"de","potentialAction":[{"@type":"ReadAction","target":["https:\/\/incrociata.it\/de\/buchungsbedingungen-konditionen\/"]}]},{"@type":"ImageObject","inLanguage":"de","@id":"https:\/\/incrociata.it\/de\/buchungsbedingungen-konditionen\/#primaryimage","url":"https:\/\/incrociata.it\/wp-content\/uploads\/2014\/03\/agriturismo_incrociata_033.jpg","contentUrl":"https:\/\/incrociata.it\/wp-content\/uploads\/2014\/03\/agriturismo_incrociata_033.jpg","width":1700,"height":1131,"caption":"Incrociata, Agriturismo Incrociata, Tuscan Agriturismo, Farmhouse suites, Holiday apartments Tuscany, Tuscany accommodation, Tuscan holiday home, Casa vacanza"},{"@type":"BreadcrumbList","@id":"https:\/\/incrociata.it\/de\/buchungsbedingungen-konditionen\/#breadcrumb","itemListElement":[{"@type":"ListItem","position":1,"name":"Home","item":"https:\/\/incrociata.it\/de\/"},{"@type":"ListItem","position":2,"name":"Buchungsbedingungen &amp; Konditionen"}]},{"@type":"WebSite","@id":"https:\/\/incrociata.it\/#website","url":"https:\/\/incrociata.it\/","name":"Agriturismo Incrociata","description":"A renovated Tuscan Agriturismo from 1800&#039;s","publisher":{"@id":"https:\/\/incrociata.it\/#organization"},"potentialAction":[{"@type":"SearchAction","target":{"@type":"EntryPoint","urlTemplate":"https:\/\/incrociata.it\/?s={search_term_string}"},"query-input":{"@type":"PropertyValueSpecification","valueRequired":true,"valueName":"search_term_string"}}],"inLanguage":"de"},{"@type":"Organization","@id":"https:\/\/incrociata.it\/#organization","name":"Azienda Agricola Mellini","url":"https:\/\/incrociata.it\/","logo":{"@type":"ImageObject","inLanguage":"de","@id":"https:\/\/incrociata.it\/#\/schema\/logo\/image\/","url":"https:\/\/incrociata.it\/wp-content\/uploads\/2018\/01\/IncrociataArtboard-1HD.jpg","contentUrl":"https:\/\/incrociata.it\/wp-content\/uploads\/2018\/01\/IncrociataArtboard-1HD.jpg","width":1370,"height":1161,"caption":"Azienda Agricola Mellini"},"image":{"@id":"https:\/\/incrociata.it\/#\/schema\/logo\/image\/"},"sameAs":["https:\/\/www.facebook.com\/Incrociata","https:\/\/www.instagram.com\/agriturismoincrociata\/"]}]}},"_links":{"self":[{"href":"https:\/\/incrociata.it\/de\/wp-json\/wp\/v2\/pages\/4815","targetHints":{"allow":["GET"]}}],"collection":[{"href":"https:\/\/incrociata.it\/de\/wp-json\/wp\/v2\/pages"}],"about":[{"href":"https:\/\/incrociata.it\/de\/wp-json\/wp\/v2\/types\/page"}],"author":[{"embeddable":true,"href":"https:\/\/incrociata.it\/de\/wp-json\/wp\/v2\/users\/11"}],"replies":[{"embeddable":true,"href":"https:\/\/incrociata.it\/de\/wp-json\/wp\/v2\/comments?post=4815"}],"version-history":[{"count":5,"href":"https:\/\/incrociata.it\/de\/wp-json\/wp\/v2\/pages\/4815\/revisions"}],"predecessor-version":[{"id":5084,"href":"https:\/\/incrociata.it\/de\/wp-json\/wp\/v2\/pages\/4815\/revisions\/5084"}],"wp:featuredmedia":[{"embeddable":true,"href":"https:\/\/incrociata.it\/de\/wp-json\/wp\/v2\/media\/4980"}],"wp:attachment":[{"href":"https:\/\/incrociata.it\/de\/wp-json\/wp\/v2\/media?parent=4815"}],"curies":[{"name":"wp","href":"https:\/\/api.w.org\/{rel}","templated":true}]}}