{"id":4776,"date":"2025-06-18T15:46:27","date_gmt":"2025-06-18T14:46:27","guid":{"rendered":"https:\/\/incrociata.it\/granaio-22\/"},"modified":"2026-01-19T10:30:14","modified_gmt":"2026-01-19T09:30:14","slug":"granaio-22","status":"publish","type":"page","link":"https:\/\/incrociata.it\/de\/granaio-22\/","title":{"rendered":"GRANAIO (2+2)"},"content":{"rendered":"<div class=\"wpb-content-wrapper\"><p>[vc_row][vc_column][vc_column_text]<\/p>\n<h4 style=\"text-align: center;\">Granaio-Suite, komfortable Unterkunft im ersten Stock<\/h4>\n<p>[\/vc_column_text][vc_column_text]<\/p>\n<p style=\"text-align: center;\">Entdecken Sie weitere Informationen \u00fcber Granaio und buchen Sie jetzt<\/p>\n<p>[\/vc_column_text][vc_column_text]<script type=\"text\/javascript\">jQuery(function() { _initLayerSlider( '#layerslider_3_zo7jcqkfr45m', {createdWith: '6.6.2', sliderVersion: '8.2.0', allowFullscreen: true, pauseOnHover: 'enabled', skin: 'v6', sliderFadeInDuration: 350, navStartStop: false, showCircleTimer: false, useSrcset: true, skinsPath: 'https:\/\/incrociata.it\/wp-content\/plugins\/LayerSlider\/assets\/static\/layerslider\/skins\/', performanceMode: true}); });<\/script><div id=\"layerslider_3_zo7jcqkfr45m\"  class=\"ls-wp-container fitvidsignore ls-selectable\" style=\"width:1280px;height:720px;margin:0 auto;margin-bottom: 0px;\"><div class=\"ls-slide\" data-ls=\"duration:2000;transition2d:5;\"><img decoding=\"async\" width=\"1280\" height=\"800\" src=\"https:\/\/incrociata.it\/wp-content\/uploads\/2026\/03\/terrazza.jpg\" class=\"ls-bg\" alt=\"\" srcset=\"https:\/\/incrociata.it\/wp-content\/uploads\/2026\/03\/terrazza.jpg 1280w, https:\/\/incrociata.it\/wp-content\/uploads\/2026\/03\/terrazza-300x188.jpg 300w, https:\/\/incrociata.it\/wp-content\/uploads\/2026\/03\/terrazza-1024x640.jpg 1024w, https:\/\/incrociata.it\/wp-content\/uploads\/2026\/03\/terrazza-150x94.jpg 150w, https:\/\/incrociata.it\/wp-content\/uploads\/2026\/03\/terrazza-768x480.jpg 768w, https:\/\/incrociata.it\/wp-content\/uploads\/2026\/03\/terrazza-896x560.jpg 896w\" sizes=\"(max-width: 1280px) 100vw, 1280px\" \/><h2 style=\"top:688px;left:1046px;font-size:18px;\" class=\"ls-l ls-text-layer\" data-ls=\"position:relative;\"><\/h2><p style=\"top:654px;left:11px;font-size:18px;font-family:Georgia;color:#fff0f0;\" class=\"ls-l ls-text-layer\" data-ls=\"position:relative;\">in comune con il Colombaio<\/p><p style=\"top:688px;left:10px;font-size:18px;font-family:Georgia;color:#ffffff;\" class=\"ls-l ls-text-layer\" data-ls=\"position:relative;\">in common with Colombaio<\/p><\/div><div class=\"ls-slide\" data-ls=\"bgposition:50% 50%;duration:2000;transition2d:5;\"><img decoding=\"async\" width=\"1200\" height=\"800\" src=\"https:\/\/incrociata.it\/wp-content\/uploads\/2017\/11\/granaio_003-1.jpg\" class=\"ls-bg\" alt=\"granaio, Incrociata, Agriturismo Incrociata, Tuscan Agriturismo, Farmhouse suites, Holiday apartments Tuscany, Tuscany accommodation, Tuscan holiday home, Casa vacanza\" srcset=\"https:\/\/incrociata.it\/wp-content\/uploads\/2017\/11\/granaio_003-1.jpg 1200w, https:\/\/incrociata.it\/wp-content\/uploads\/2017\/11\/granaio_003-1-712x475.jpg 712w, https:\/\/incrociata.it\/wp-content\/uploads\/2017\/11\/granaio_003-1-300x200.jpg 300w, https:\/\/incrociata.it\/wp-content\/uploads\/2017\/11\/granaio_003-1-768x512.jpg 768w, https:\/\/incrociata.it\/wp-content\/uploads\/2017\/11\/granaio_003-1-1024x683.jpg 1024w, https:\/\/incrociata.it\/wp-content\/uploads\/2017\/11\/granaio_003-700x467.jpg 700w\" sizes=\"(max-width: 1200px) 100vw, 1200px\" \/><\/div><div class=\"ls-slide\" data-ls=\"bgposition:50% 0%;duration:2000;transition2d:5;\"><img decoding=\"async\" width=\"1200\" height=\"800\" src=\"https:\/\/incrociata.it\/wp-content\/uploads\/2017\/11\/granaio_001-1.jpg\" class=\"ls-bg\" alt=\"granaio, Incrociata, Agriturismo Incrociata, Tuscan Agriturismo, Farmhouse suites, Holiday apartments Tuscany, Tuscany accommodation, Tuscan holiday home, Casa vacanza\" srcset=\"https:\/\/incrociata.it\/wp-content\/uploads\/2017\/11\/granaio_001-1.jpg 1200w, https:\/\/incrociata.it\/wp-content\/uploads\/2017\/11\/granaio_001-1-712x475.jpg 712w, https:\/\/incrociata.it\/wp-content\/uploads\/2017\/11\/granaio_001-1-300x200.jpg 300w, https:\/\/incrociata.it\/wp-content\/uploads\/2017\/11\/granaio_001-1-768x512.jpg 768w, https:\/\/incrociata.it\/wp-content\/uploads\/2017\/11\/granaio_001-1-1024x683.jpg 1024w, https:\/\/incrociata.it\/wp-content\/uploads\/2017\/11\/granaio_001-700x467.jpg 700w\" sizes=\"(max-width: 1200px) 100vw, 1200px\" \/><\/div><div class=\"ls-slide\" data-ls=\"bgposition:0% 50%;duration:2000;transition2d:5;\"><img decoding=\"async\" width=\"1280\" height=\"800\" src=\"https:\/\/incrociata.it\/wp-content\/uploads\/2026\/03\/GRANAIO-bagno-1.jpg\" class=\"ls-bg\" alt=\"\" srcset=\"https:\/\/incrociata.it\/wp-content\/uploads\/2026\/03\/GRANAIO-bagno-1.jpg 1280w, https:\/\/incrociata.it\/wp-content\/uploads\/2026\/03\/GRANAIO-bagno-1-300x188.jpg 300w, https:\/\/incrociata.it\/wp-content\/uploads\/2026\/03\/GRANAIO-bagno-1-1024x640.jpg 1024w, https:\/\/incrociata.it\/wp-content\/uploads\/2026\/03\/GRANAIO-bagno-1-150x94.jpg 150w, https:\/\/incrociata.it\/wp-content\/uploads\/2026\/03\/GRANAIO-bagno-1-768x480.jpg 768w, https:\/\/incrociata.it\/wp-content\/uploads\/2026\/03\/GRANAIO-bagno-1-896x560.jpg 896w\" sizes=\"(max-width: 1280px) 100vw, 1280px\" \/><\/div><\/div>[\/vc_column_text][vc_row_inner][vc_column_inner width=&#8220;1\/4&#8243;][vc_icon icon_fontawesome=&#8220;fa fa-wifi&#8220; color=&#8220;green&#8220; size=&#8220;lg&#8220; align=&#8220;center&#8220;][\/vc_column_inner][vc_column_inner width=&#8220;1\/4&#8243;][vc_icon icon_fontawesome=&#8220;fa fa-paw&#8220; color=&#8220;green&#8220; size=&#8220;lg&#8220; align=&#8220;center&#8220;][\/vc_column_inner][vc_column_inner width=&#8220;1\/4&#8243;][vc_icon type=&#8220;material&#8220; icon_material=&#8220;vc-material vc-material-pool&#8220; color=&#8220;green&#8220; size=&#8220;lg&#8220; align=&#8220;center&#8220;][\/vc_column_inner][vc_column_inner width=&#8220;1\/4&#8243;][vc_icon icon_fontawesome=&#8220;fa fa-shower&#8220; color=&#8220;green&#8220; size=&#8220;lg&#8220; align=&#8220;center&#8220;][\/vc_column_inner][\/vc_row_inner][\/vc_column][\/vc_row][vc_row][vc_column width=&#8220;1\/2&#8243;][vc_column_text]<\/p>\n<ul>\n<li style=\"list-style-type: none;\">\n<ul>\n<li><span class=\"mphb-attribute-paragraph mphb-adults-paragraph\"><strong>Personen<\/strong>: <\/span><span class=\"mphb-attribute-value\">2+2<\/span><\/li>\n<li><strong>Fl\u00e4che<\/strong>: <span class=\"mphb-attribute-value\">45 qm<\/span><\/li>\n<li><strong>Schwimmbad<\/strong>: <span class=\"mphb-attribute-value\">15m x 7m<\/span><\/li>\n<li><strong>Bettentyp<\/strong>: <span class=\"mphb-attribute-value\">1 Doppelbett<\/span><\/li>\n<li><strong>Kostenfreies Parken<\/strong><\/li>\n<li><strong>Waschk\u00fcche (gemeinschaftlich)<\/strong><\/li>\n<li><strong>Ausstattung<\/strong>: K\u00fcche, Bettw\u00e4sche und Handt\u00fccher, Badezimmer mit Dusche, Safe, flat TV, WLAN, Mosquitonetze, Haartrockner, Ventilator<\/li>\n<li><strong>Kohlenmonoxidmelder<\/strong><\/li>\n<li><span class=\"mphb-attribute-paragraph mphb-size-paragraph\"><strong>Grillfeier<\/strong><\/span><\/li>\n<li><strong>Haustiere erlaubt<\/strong><\/li>\n<\/ul>\n<\/li>\n<\/ul>\n<p>[\/vc_column_text][\/vc_column][vc_column width=&#8220;1\/2&#8243;][vc_column_text]Die Granaio-Suite befindet sich im <strong>ersten Stock<\/strong>.<\/p>\n<p>Das Apartment besteht aus einem <strong>Wohnzimmer<\/strong> mit einem Doppelschlafsofa (auf Anfrage), einem flat TV, einem Esstisch, einer gut ausgestatteten <strong>K\u00fcche<\/strong> mit K\u00fchlschrank und Gefrierschrank, einem <strong>Doppelschlafzimmer<\/strong>, einem <strong>Badezimmer<\/strong> mit Dusche und einem Safe.<\/p>\n<p>Die Granaio-Suite bietet sch\u00f6ne Au\u00dfenbereiche: einen gro\u00dfen gemeinsamen <strong>Swimmingpool<\/strong>, einen <strong>Grillplatz<\/strong> mit Esstischen, eine gemeinsame <strong>Waschk\u00fcche<\/strong>, einen <strong>Spielplatz<\/strong> f\u00fcr Kinder, einen Spielraum mit <strong>Tischtennis<\/strong> und <strong>Tischfu\u00dfball<\/strong>. <strong>Haustiere sind erlaubt<\/strong> (gegen Aufpreis).[\/vc_column_text][\/vc_column][\/vc_row][vc_row disable_element=&#8220;yes&#8220;][vc_column width=&#8220;2\/3&#8243;][vc_column_text]<\/p>\n<h4 style=\"text-align: center;\">\n<table id=\"tablepress-3\" class=\"tablepress tablepress-id-3 miravallecapannatable tbody-has-connected-cells\">\n<tbody class=\"row-hover\">\n<tr class=\"row-1\">\n\t<td class=\"column-1\"><small><strong>PRICES<\/strong><\/small><\/td><td class=\"column-2\"><small><strong>LOW SEASON<\/strong><\/small><br \/>\n<\/td><td class=\"column-3\"><small><strong>MID SEASON<\/strong><\/small><br \/>\n<\/td><td class=\"column-4\"><small><strong>HIGH SEASON<\/strong><\/small><br \/>\n<\/td>\n<\/tr>\n<tr class=\"row-2\">\n\t<td class=\"column-1\"><small>Weekly<\/small><br \/>\n<\/td><td class=\"column-2\">635.00 \u20ac<\/td><td class=\"column-3\">680.00 \u20ac<\/td><td class=\"column-4\">850.00 \u20ac<\/td>\n<\/tr>\n<tr class=\"row-3\">\n\t<td colspan=\"4\" class=\"column-1\"><small id=\"stagionalitaTabella\"><strong>Low Season<\/strong > From 09\/01\/2023 to 20\/05\/2023 + From <br \/>\n30\/09\/2023 to 16\/12\/2023 <br \/>\n<strong>Mid Season<\/strong > > From 20\/05\/2023 to 01\/07\/2023 + From 02\/09\/2023 to 30\/09\/2023<br \/>\n<strong>High Season<\/strong > > From 01\/07\/2023 to 02\/09\/2023 + 16\/12\/2023 to 08\/01\/2024<\/small><\/td>\n<\/tr>\n<\/tbody>\n<\/table>\n<\/h4>\n<p>[\/vc_column_text][vc_column_text]<strong>Inklusive<\/strong>: Bettw\u00e4sche und Handt\u00fccher, Strom<\/p>\n<p><strong>Nicht inklusive<\/strong>: Endreinigung: 70\u20ac pro Aufenthalt, Haustiere: 50\u20ac pro Aufenthalt, Heizung 35,00\u20ac pro Tag, Zusatzbett 50\u20ac pro Person pro Tag, Waschmaschine 2,50\u20ac, T\u00e4gliche Reinigung auf Anfrage.[\/vc_column_text][\/vc_column][vc_column width=&#8220;1\/3&#8243;][vc_column_text]<\/p>\n<p style=\"text-align: center;\"><strong>Verf\u00fcgbarkeit<\/strong><br \/>\n[wpsbc id=&#8220;2&#8243; title=&#8220;nein&#8220; legend=&#8220;yes&#8220; dropdown=&#8220;no&#8220; start=&#8220;1&#8243; display=&#8220;1&#8243; language=&#8220;auto&#8220; month=&#8220;0&#8243; year=&#8220;0&#8243; jump=&#8220;no&#8220; history=&#8220;1&#8243; tooltip=&#8220;3&#8243; theme=&#8220;modern&#8220; weeknumbers=&#8220;no&#8220; highlighttoday=&#8220;yes&#8220;]<\/p>\n<p>[\/vc_column_text][\/vc_column][\/vc_row][vc_row][vc_column][vc_column_text]<strong>Inklusive<\/strong>: Bettw\u00e4sche und Handt\u00fccher, Strom<\/p>\n<p><strong>Nicht inklusive<\/strong>: Endreinigung: 70\u20ac pro Aufenthalt, Haustiere: 50\u20ac pro Aufenthalt, Heizung 35,00\u20ac pro Tag, Zusatzbett 50\u20ac pro Person pro Tag, Waschmaschine 2,50\u20ac, T\u00e4gliche Reinigung auf Anfrage.[\/vc_column_text][\/vc_column][\/vc_row][vc_row disable_element=&#8220;yes&#8220;][vc_column][vc_column_text][vrb_page_form][\/vc_column_text][\/vc_column][\/vc_row][vc_row][vc_column][vc_column_text]Das Incrociata Bauernhof-Apartment bietet eine Vielzahl von Aktivit\u00e4ten. Besuchen Sie unsere <span style=\"color: #f4524d;\"><a style=\"color: #f4524d;\" href=\"https:\/\/incrociata.it\/tuscan-experiences\/\">Aktivit\u00e4ten<\/a><\/span>-Seite, um lokale oder nahegelegene Optionen zu entdecken![\/vc_column_text][\/vc_column][\/vc_row][vc_row][vc_column][vc_separator][vc_column_text]<\/p>\n<h4 style=\"text-align: center;\">Sie k\u00f6nnten sich auch interessieren f\u00fcr<\/h4>\n<p>[\/vc_column_text][\/vc_column][\/vc_row][vc_row][vc_column width=&#8220;1\/6&#8243;][vc_single_image image=&#8220;4908&#8243; onclick=&#8220;custom_link&#8220; link=&#8220;https:\/\/incrociata.it\/de\/dispensa-22\/&#8220; css=&#8220;.vc_custom_1718366448486{margin-bottom: 5px !important;padding-bottom: 0px !important;}&#8220;][vc_column_text css=&#8220;.vc_custom_1718366489189{margin-top: 0px !important;padding-top: 0px !important;}&#8220;]<\/p>\n<p style=\"text-align: center;\"><a href=\"https:\/\/incrociata.it\/dispensa\/\">Dispensa<\/a><\/p>\n<p>[\/vc_column_text][\/vc_column][vc_column width=&#8220;1\/6&#8243;][vc_single_image image=&#8220;4906&#8243; onclick=&#8220;custom_link&#8220; link=&#8220;https:\/\/incrociata.it\/de\/colombaio-4\/&#8220; css=&#8220;.vc_custom_1718366551809{margin-bottom: 5px !important;padding-bottom: 0px !important;}&#8220;][vc_column_text css=&#8220;.vc_custom_1718366579788{margin-top: 0px !important;padding-top: 0px !important;}&#8220;]<\/p>\n<p style=\"text-align: center;\"><a href=\"https:\/\/incrociata.it\/colombaio\/\">Colombaio<\/a><\/p>\n<p>[\/vc_column_text][\/vc_column][vc_column width=&#8220;1\/6&#8243;][vc_single_image image=&#8220;4905&#8243; onclick=&#8220;custom_link&#8220; link=&#8220;https:\/\/incrociata.it\/de\/arco-4\/&#8220; css=&#8220;.vc_custom_1718366604877{margin-bottom: 5px !important;padding-bottom: 0px !important;}&#8220;][vc_column_text css=&#8220;.vc_custom_1718366628127{margin-top: 0px !important;padding-top: 0px !important;}&#8220;]<\/p>\n<p style=\"text-align: center;\"><a href=\"https:\/\/incrociata.it\/de\/arco-4\/\">Arco<\/a><\/p>\n<p>[\/vc_column_text][\/vc_column][vc_column width=&#8220;1\/6&#8243;][vc_single_image image=&#8220;4904&#8243; onclick=&#8220;custom_link&#8220; link=&#8220;https:\/\/incrociata.it\/de\/greppia-4\/&#8220; css=&#8220;.vc_custom_1718366656982{margin-bottom: 5px !important;padding-bottom: 0px !important;}&#8220;][vc_column_text css=&#8220;.vc_custom_1718366685214{margin-top: 0px !important;padding-top: 0px !important;}&#8220;]<\/p>\n<p style=\"text-align: center;\"><a href=\"https:\/\/incrociata.it\/greppia\/\">Greppia<\/a><\/p>\n<p>[\/vc_column_text][\/vc_column][vc_column width=&#8220;1\/6&#8243;][vc_single_image image=&#8220;4903&#8243; onclick=&#8220;custom_link&#8220; link=&#8220;https:\/\/incrociata.it\/de\/cantina-4\/&#8220; css=&#8220;.vc_custom_1718366717627{margin-bottom: 5px !important;padding-bottom: 0px !important;}&#8220;][vc_column_text css=&#8220;.vc_custom_1718366743705{margin-top: 0px !important;padding-top: 0px !important;}&#8220;]<\/p>\n<p style=\"text-align: center;\"><a href=\"https:\/\/incrociata.it\/cantina\/\">Cantina<\/a><\/p>\n<p>[\/vc_column_text][\/vc_column][vc_column width=&#8220;1\/6&#8243;][vc_single_image image=&#8220;4902&#8243; onclick=&#8220;custom_link&#8220; link=&#8220;https:\/\/incrociata.it\/de\/capanna-cottage-4\/&#8220; css=&#8220;.vc_custom_1718366777324{margin-bottom: 5px !important;padding-bottom: 0px !important;}&#8220;][vc_column_text css=&#8220;.vc_custom_1718366802162{margin-top: 0px !important;padding-top: 0px !important;}&#8220;]<\/p>\n<p style=\"text-align: center;\"><a href=\"https:\/\/incrociata.it\/capanna-cottage\/\">Capanna<\/a><\/p>\n<p>[\/vc_column_text][\/vc_column][\/vc_row]<\/p>\n<\/div>","protected":false},"excerpt":{"rendered":"<p>[vc_row][vc_column][vc_column_text] Granaio-Suite, komfortable Unterkunft im ersten Stock [\/vc_column_text][vc_column_text] Entdecken Sie weitere Informationen \u00fcber Granaio und buchen Sie jetzt [\/vc_column_text][vc_column_text][\/vc_column_text][vc_row_inner][vc_column_inner width=&#8220;1\/4&#8243;][vc_icon icon_fontawesome=&#8220;fa fa-wifi&#8220; color=&#8220;green&#8220; size=&#8220;lg&#8220; align=&#8220;center&#8220;][\/vc_column_inner][vc_column_inner width=&#8220;1\/4&#8243;][vc_icon icon_fontawesome=&#8220;fa fa-paw&#8220; color=&#8220;green&#8220; size=&#8220;lg&#8220; align=&#8220;center&#8220;][\/vc_column_inner][vc_column_inner width=&#8220;1\/4&#8243;][vc_icon type=&#8220;material&#8220; icon_material=&#8220;vc-material vc-material-pool&#8220; color=&#8220;green&#8220; size=&#8220;lg&#8220; align=&#8220;center&#8220;][\/vc_column_inner][vc_column_inner width=&#8220;1\/4&#8243;][vc_icon icon_fontawesome=&#8220;fa fa-shower&#8220; color=&#8220;green&#8220; size=&#8220;lg&#8220; align=&#8220;center&#8220;][\/vc_column_inner][\/vc_row_inner][\/vc_column][\/vc_row][vc_row][vc_column width=&#8220;1\/2&#8243;][vc_column_text] Personen: 2+2 Fl\u00e4che: 45 qm Schwimmbad: 15m x 7m Bettentyp: &hellip; <a href=\"https:\/\/incrociata.it\/de\/granaio-22\/\" class=\"more-link\">Continue reading<span class=\"screen-reader-text\"> &#8222;GRANAIO (2+2)&#8220;<\/span><\/a><\/p>\n","protected":false},"author":11,"featured_media":4777,"parent":0,"menu_order":0,"comment_status":"closed","ping_status":"closed","template":"template-full-width-grid-page.php","meta":{"_acf_changed":false,"_joinchat":[],"footnotes":""},"class_list":["post-4776","page","type-page","status-publish","has-post-thumbnail","hentry"],"acf":[],"yoast_head":"<!-- This site is optimized with the Yoast SEO plugin v27.5 - https:\/\/yoast.com\/product\/yoast-seo-wordpress\/ -->\n<title>GRANAIO | Bauernhof-Suite | Agriturismo Incrociata Toskana<\/title>\n<meta name=\"description\" content=\"Granaio befindet sich im ersten Stock der Bauernhof-Suiten und bietet Platz f\u00fcr 2+2 Personen. Es besteht aus einem Schlafzimmer, einem Doppelschlafsofa und einem Badezimmer.\" \/>\n<meta name=\"robots\" content=\"index, follow, max-snippet:-1, max-image-preview:large, max-video-preview:-1\" \/>\n<link rel=\"canonical\" href=\"https:\/\/incrociata.it\/de\/granaio-22\/\" \/>\n<meta property=\"og:locale\" content=\"de_DE\" \/>\n<meta property=\"og:type\" content=\"article\" \/>\n<meta property=\"og:title\" content=\"GRANAIO | Bauernhof-Suite | Agriturismo Incrociata Toskana\" \/>\n<meta property=\"og:description\" content=\"Granaio befindet sich im ersten Stock der Bauernhof-Suiten und bietet Platz f\u00fcr 2+2 Personen. Es besteht aus einem Schlafzimmer, einem Doppelschlafsofa und einem Badezimmer.\" \/>\n<meta property=\"og:url\" content=\"https:\/\/incrociata.it\/de\/granaio-22\/\" \/>\n<meta property=\"og:site_name\" content=\"Agriturismo Incrociata\" \/>\n<meta property=\"article:publisher\" content=\"https:\/\/www.facebook.com\/Incrociata\" \/>\n<meta property=\"article:modified_time\" content=\"2026-01-19T09:30:14+00:00\" \/>\n<meta property=\"og:image\" content=\"https:\/\/incrociata.it\/wp-content\/uploads\/2017\/11\/Ai_006.jpg\" \/>\n\t<meta property=\"og:image:width\" content=\"2000\" \/>\n\t<meta property=\"og:image:height\" content=\"1331\" \/>\n\t<meta property=\"og:image:type\" content=\"image\/jpeg\" \/>\n<meta name=\"twitter:card\" content=\"summary_large_image\" \/>\n<meta name=\"twitter:label1\" content=\"Gesch\u00e4tzte Lesezeit\" \/>\n\t<meta name=\"twitter:data1\" content=\"2\u00a0Minuten\" \/>\n<script type=\"application\/ld+json\" class=\"yoast-schema-graph\">{\"@context\":\"https:\\\/\\\/schema.org\",\"@graph\":[{\"@type\":\"WebPage\",\"@id\":\"https:\\\/\\\/incrociata.it\\\/de\\\/granaio-22\\\/\",\"url\":\"https:\\\/\\\/incrociata.it\\\/de\\\/granaio-22\\\/\",\"name\":\"GRANAIO | Bauernhof-Suite | Agriturismo Incrociata Toskana\",\"isPartOf\":{\"@id\":\"https:\\\/\\\/incrociata.it\\\/#website\"},\"primaryImageOfPage\":{\"@id\":\"https:\\\/\\\/incrociata.it\\\/de\\\/granaio-22\\\/#primaryimage\"},\"image\":{\"@id\":\"https:\\\/\\\/incrociata.it\\\/de\\\/granaio-22\\\/#primaryimage\"},\"thumbnailUrl\":\"https:\\\/\\\/incrociata.it\\\/wp-content\\\/uploads\\\/2017\\\/11\\\/Ai_006.jpg\",\"datePublished\":\"2025-06-18T14:46:27+00:00\",\"dateModified\":\"2026-01-19T09:30:14+00:00\",\"description\":\"Granaio befindet sich im ersten Stock der Bauernhof-Suiten und bietet Platz f\u00fcr 2+2 Personen. Es besteht aus einem Schlafzimmer, einem Doppelschlafsofa und einem Badezimmer.\",\"breadcrumb\":{\"@id\":\"https:\\\/\\\/incrociata.it\\\/de\\\/granaio-22\\\/#breadcrumb\"},\"inLanguage\":\"de\",\"potentialAction\":[{\"@type\":\"ReadAction\",\"target\":[\"https:\\\/\\\/incrociata.it\\\/de\\\/granaio-22\\\/\"]}]},{\"@type\":\"ImageObject\",\"inLanguage\":\"de\",\"@id\":\"https:\\\/\\\/incrociata.it\\\/de\\\/granaio-22\\\/#primaryimage\",\"url\":\"https:\\\/\\\/incrociata.it\\\/wp-content\\\/uploads\\\/2017\\\/11\\\/Ai_006.jpg\",\"contentUrl\":\"https:\\\/\\\/incrociata.it\\\/wp-content\\\/uploads\\\/2017\\\/11\\\/Ai_006.jpg\",\"width\":2000,\"height\":1331},{\"@type\":\"BreadcrumbList\",\"@id\":\"https:\\\/\\\/incrociata.it\\\/de\\\/granaio-22\\\/#breadcrumb\",\"itemListElement\":[{\"@type\":\"ListItem\",\"position\":1,\"name\":\"Home\",\"item\":\"https:\\\/\\\/incrociata.it\\\/de\\\/\"},{\"@type\":\"ListItem\",\"position\":2,\"name\":\"GRANAIO (2+2)\"}]},{\"@type\":\"WebSite\",\"@id\":\"https:\\\/\\\/incrociata.it\\\/#website\",\"url\":\"https:\\\/\\\/incrociata.it\\\/\",\"name\":\"Agriturismo Incrociata\",\"description\":\"A renovated Tuscan Agriturismo from 1800&#039;s\",\"publisher\":{\"@id\":\"https:\\\/\\\/incrociata.it\\\/#organization\"},\"potentialAction\":[{\"@type\":\"SearchAction\",\"target\":{\"@type\":\"EntryPoint\",\"urlTemplate\":\"https:\\\/\\\/incrociata.it\\\/?s={search_term_string}\"},\"query-input\":{\"@type\":\"PropertyValueSpecification\",\"valueRequired\":true,\"valueName\":\"search_term_string\"}}],\"inLanguage\":\"de\"},{\"@type\":\"Organization\",\"@id\":\"https:\\\/\\\/incrociata.it\\\/#organization\",\"name\":\"Azienda Agricola Mellini\",\"url\":\"https:\\\/\\\/incrociata.it\\\/\",\"logo\":{\"@type\":\"ImageObject\",\"inLanguage\":\"de\",\"@id\":\"https:\\\/\\\/incrociata.it\\\/#\\\/schema\\\/logo\\\/image\\\/\",\"url\":\"https:\\\/\\\/incrociata.it\\\/wp-content\\\/uploads\\\/2018\\\/01\\\/IncrociataArtboard-1HD.jpg\",\"contentUrl\":\"https:\\\/\\\/incrociata.it\\\/wp-content\\\/uploads\\\/2018\\\/01\\\/IncrociataArtboard-1HD.jpg\",\"width\":1370,\"height\":1161,\"caption\":\"Azienda Agricola Mellini\"},\"image\":{\"@id\":\"https:\\\/\\\/incrociata.it\\\/#\\\/schema\\\/logo\\\/image\\\/\"},\"sameAs\":[\"https:\\\/\\\/www.facebook.com\\\/Incrociata\",\"https:\\\/\\\/www.instagram.com\\\/agriturismoincrociata\\\/\"]}]}<\/script>\n<!-- \/ Yoast SEO plugin. -->","yoast_head_json":{"title":"GRANAIO | Bauernhof-Suite | Agriturismo Incrociata Toskana","description":"Granaio befindet sich im ersten Stock der Bauernhof-Suiten und bietet Platz f\u00fcr 2+2 Personen. Es besteht aus einem Schlafzimmer, einem Doppelschlafsofa und einem Badezimmer.","robots":{"index":"index","follow":"follow","max-snippet":"max-snippet:-1","max-image-preview":"max-image-preview:large","max-video-preview":"max-video-preview:-1"},"canonical":"https:\/\/incrociata.it\/de\/granaio-22\/","og_locale":"de_DE","og_type":"article","og_title":"GRANAIO | Bauernhof-Suite | Agriturismo Incrociata Toskana","og_description":"Granaio befindet sich im ersten Stock der Bauernhof-Suiten und bietet Platz f\u00fcr 2+2 Personen. Es besteht aus einem Schlafzimmer, einem Doppelschlafsofa und einem Badezimmer.","og_url":"https:\/\/incrociata.it\/de\/granaio-22\/","og_site_name":"Agriturismo Incrociata","article_publisher":"https:\/\/www.facebook.com\/Incrociata","article_modified_time":"2026-01-19T09:30:14+00:00","og_image":[{"width":2000,"height":1331,"url":"https:\/\/incrociata.it\/wp-content\/uploads\/2017\/11\/Ai_006.jpg","type":"image\/jpeg"}],"twitter_card":"summary_large_image","twitter_misc":{"Gesch\u00e4tzte Lesezeit":"2\u00a0Minuten"},"schema":{"@context":"https:\/\/schema.org","@graph":[{"@type":"WebPage","@id":"https:\/\/incrociata.it\/de\/granaio-22\/","url":"https:\/\/incrociata.it\/de\/granaio-22\/","name":"GRANAIO | Bauernhof-Suite | Agriturismo Incrociata Toskana","isPartOf":{"@id":"https:\/\/incrociata.it\/#website"},"primaryImageOfPage":{"@id":"https:\/\/incrociata.it\/de\/granaio-22\/#primaryimage"},"image":{"@id":"https:\/\/incrociata.it\/de\/granaio-22\/#primaryimage"},"thumbnailUrl":"https:\/\/incrociata.it\/wp-content\/uploads\/2017\/11\/Ai_006.jpg","datePublished":"2025-06-18T14:46:27+00:00","dateModified":"2026-01-19T09:30:14+00:00","description":"Granaio befindet sich im ersten Stock der Bauernhof-Suiten und bietet Platz f\u00fcr 2+2 Personen. Es besteht aus einem Schlafzimmer, einem Doppelschlafsofa und einem Badezimmer.","breadcrumb":{"@id":"https:\/\/incrociata.it\/de\/granaio-22\/#breadcrumb"},"inLanguage":"de","potentialAction":[{"@type":"ReadAction","target":["https:\/\/incrociata.it\/de\/granaio-22\/"]}]},{"@type":"ImageObject","inLanguage":"de","@id":"https:\/\/incrociata.it\/de\/granaio-22\/#primaryimage","url":"https:\/\/incrociata.it\/wp-content\/uploads\/2017\/11\/Ai_006.jpg","contentUrl":"https:\/\/incrociata.it\/wp-content\/uploads\/2017\/11\/Ai_006.jpg","width":2000,"height":1331},{"@type":"BreadcrumbList","@id":"https:\/\/incrociata.it\/de\/granaio-22\/#breadcrumb","itemListElement":[{"@type":"ListItem","position":1,"name":"Home","item":"https:\/\/incrociata.it\/de\/"},{"@type":"ListItem","position":2,"name":"GRANAIO (2+2)"}]},{"@type":"WebSite","@id":"https:\/\/incrociata.it\/#website","url":"https:\/\/incrociata.it\/","name":"Agriturismo Incrociata","description":"A renovated Tuscan Agriturismo from 1800&#039;s","publisher":{"@id":"https:\/\/incrociata.it\/#organization"},"potentialAction":[{"@type":"SearchAction","target":{"@type":"EntryPoint","urlTemplate":"https:\/\/incrociata.it\/?s={search_term_string}"},"query-input":{"@type":"PropertyValueSpecification","valueRequired":true,"valueName":"search_term_string"}}],"inLanguage":"de"},{"@type":"Organization","@id":"https:\/\/incrociata.it\/#organization","name":"Azienda Agricola Mellini","url":"https:\/\/incrociata.it\/","logo":{"@type":"ImageObject","inLanguage":"de","@id":"https:\/\/incrociata.it\/#\/schema\/logo\/image\/","url":"https:\/\/incrociata.it\/wp-content\/uploads\/2018\/01\/IncrociataArtboard-1HD.jpg","contentUrl":"https:\/\/incrociata.it\/wp-content\/uploads\/2018\/01\/IncrociataArtboard-1HD.jpg","width":1370,"height":1161,"caption":"Azienda Agricola Mellini"},"image":{"@id":"https:\/\/incrociata.it\/#\/schema\/logo\/image\/"},"sameAs":["https:\/\/www.facebook.com\/Incrociata","https:\/\/www.instagram.com\/agriturismoincrociata\/"]}]}},"_links":{"self":[{"href":"https:\/\/incrociata.it\/de\/wp-json\/wp\/v2\/pages\/4776","targetHints":{"allow":["GET"]}}],"collection":[{"href":"https:\/\/incrociata.it\/de\/wp-json\/wp\/v2\/pages"}],"about":[{"href":"https:\/\/incrociata.it\/de\/wp-json\/wp\/v2\/types\/page"}],"author":[{"embeddable":true,"href":"https:\/\/incrociata.it\/de\/wp-json\/wp\/v2\/users\/11"}],"replies":[{"embeddable":true,"href":"https:\/\/incrociata.it\/de\/wp-json\/wp\/v2\/comments?post=4776"}],"version-history":[{"count":7,"href":"https:\/\/incrociata.it\/de\/wp-json\/wp\/v2\/pages\/4776\/revisions"}],"predecessor-version":[{"id":5080,"href":"https:\/\/incrociata.it\/de\/wp-json\/wp\/v2\/pages\/4776\/revisions\/5080"}],"wp:featuredmedia":[{"embeddable":true,"href":"https:\/\/incrociata.it\/de\/wp-json\/wp\/v2\/media\/4777"}],"wp:attachment":[{"href":"https:\/\/incrociata.it\/de\/wp-json\/wp\/v2\/media?parent=4776"}],"curies":[{"name":"wp","href":"https:\/\/api.w.org\/{rel}","templated":true}]}}