{"id":4756,"date":"2025-06-18T15:45:41","date_gmt":"2025-06-18T14:45:41","guid":{"rendered":"https:\/\/incrociata.it\/allgemeine-informationen\/"},"modified":"2026-01-18T11:23:46","modified_gmt":"2026-01-18T10:23:46","slug":"allgemeine-informationen","status":"publish","type":"page","link":"https:\/\/incrociata.it\/de\/allgemeine-informationen\/","title":{"rendered":"Allgemeine Informationen"},"content":{"rendered":"<div class=\"wpb-content-wrapper\"><p>[vc_row][vc_column][vc_single_image image=&#8220;5031&#8243; img_size=&#8220;full&#8220; alignment=&#8220;center&#8220;][vc_separator color=&#8220;green&#8220;][vc_row_inner][vc_column_inner][vc_column_text]<\/p>\n<p style=\"text-align: center;\"><strong>Allgemeine Bestimmungen<\/strong><\/p>\n<p><strong>An- und Abreise<\/strong><\/p>\n<ul class=\"list\">\n<li><strong>CHECK-IN<\/strong>: von 15:00 bis 19:00 Uhr.<\/li>\n<li><strong>CHECK-OUT<\/strong>: Am Abreisetag bitten wir unsere G\u00e4ste, die Apartments bis 10:00 Uhr zu verlassen.<\/li>\n<\/ul>\n<p class=\"bold nobottom\"><strong>Vorzeitige Abreise<\/strong><\/p>\n<p class=\"notopbottom\">G\u00e4ste, die aus beliebigen Gr\u00fcnden vor Ablauf ihrer Buchung abreisen m\u00fcssen, haben keinen Anspruch auf R\u00fcckerstattung.<\/p>\n<p class=\"bold nobottom\"><strong>Belegungszahl der Apartments<\/strong><\/p>\n<p class=\"notopbottom\">Die Anzahl der Bewohner pro Apartment darf die auf dem Buchungsformular angegebene oder die zum Zeitpunkt der Buchung vereinbarte Anzahl nicht \u00fcberschreiten. Jegliche \u00c4nderungen der Belegungszahl, Tiere sowie Zelte oder Wohnmobile m\u00fcssen von der Gesch\u00e4ftsleitung genehmigt werden.<\/p>\n<p><strong>Mindestmietdauer<\/strong><br \/>\n2 N\u00e4chte in der Nebensaison \u2013 3 N\u00e4chte in der Zwischensaison \u2013 7 N\u00e4chte in der Hauptsaison<\/p>\n<p><strong>Gruppen und Veranstaltungen<\/strong><br \/>\nF\u00fcr Gruppen oder Veranstaltungen kann eine h\u00f6here Kaution oder eine abweichende Zahlungspolitik gelten. Bei Anreise als Gruppe <a href=\"mailto:info@incrociata.it\">kontaktieren Sie uns<\/a> bitte mit Details.[\/vc_column_text][vc_separator color=&#8220;green&#8220;][vc_column_text]<\/p>\n<ul>\n<li><\/li>\n<\/ul>\n<p>[\/vc_column_text][\/vc_column_inner][\/vc_row_inner][vc_separator color=&#8220;green&#8220;][\/vc_column][\/vc_row][vc_row][vc_column width=&#8220;1\/2&#8243;][vc_column_text]<strong>Extras (nicht im Preis inbegriffen)<\/strong><\/p>\n<ul>\n<li>Heizung: Apartments 35 \u20ac pro Tag &#8211; Villa Miravalle 50 \u20ac pro Tag<\/li>\n<li>Zusatzbett: 50\u20ac pro Person \/ pro Aufenthalt<\/li>\n<li><span style=\"font-size: 0.875rem;\">Endreinigung: <\/span>\n<ul>\n<li style=\"list-style-type: none;\">\n<ul>\n<li><span style=\"font-size: 0.875rem;\">Granaio und Dispensa: 50,00\u20ac <\/span><\/li>\n<li><span style=\"font-size: 0.875rem;\">Colombaio, Cantina, Greppia, Arco, Cottage Capanna: 70,00\u20ac<\/span><\/li>\n<li><span style=\"font-size: 0.875rem;\">Villa Miravalle: 90,00\u20ac<\/span><\/li>\n<\/ul>\n<\/li>\n<\/ul>\n<\/li>\n<li><span style=\"font-size: 0.875rem;\">Kurtaxe: 2,o0 Euro pro Erwachsenem f\u00fcr die ersten 4 N\u00e4chte, <\/span>ausgenommen Kinder unter 12 Jahren<span style=\"font-size: 0.875rem;\">. Die Steuer muss bar bezahlt werden \u2013 f\u00fcr Steuerzahlungen werden keine Kreditkarten akzeptiert.<\/span><\/li>\n<li>Haustiere: 50,00\u20ac pro Aufenthalt<\/li>\n<li>Waschmaschine: 2,50\u20ac pro Benutzung<\/li>\n<li>Poolhandtuchverleih: 6 \u20ac pro Aufenthalt<\/li>\n<\/ul>\n<p>[\/vc_column_text][\/vc_column][vc_column width=&#8220;1\/2&#8243;][vc_column_text]<strong>Im Preis inbegriffen<\/strong><\/p>\n<ul>\n<li>Bettw\u00e4sche und Handt\u00fccher (erste Garnitur und w\u00f6chentlicher Wechsel)<\/li>\n<li>Strom und Warmwasser<\/li>\n<li>Babybett und Hochstuhl<\/li>\n<li>WLAN<\/li>\n<li>Grill und Schwimmbad<\/li>\n<\/ul>\n<p>Jedes Apartment verf\u00fcgt \u00fcber eine voll ausgestattete K\u00fcche, ein Badezimmer mit Dusche, Bettw\u00e4sche, Handt\u00fccher und einen Flachbild-TV. Bitte bringen Sie Ihre eigenen Badet\u00fccher mit.[\/vc_column_text][\/vc_column][\/vc_row][vc_row][vc_column][vc_separator color=&#8220;green&#8220;][vc_column_text]<\/p>\n<p style=\"text-align: center;\"><strong>Buchungsbedingungen<\/strong><\/p>\n<ul class=\"list\">\n<li>Ihre Buchung kann per E-MAIL best\u00e4tigt werden.<\/li>\n<li>Die Reservierung ist erst bei Erhalt einer Anzahlung von 30% der Gesamtkosten Ihres Aufenthalts g\u00fcltig.<\/li>\n<li>Die Bankverbindung wird auf Anfrage mitgeteilt.<\/li>\n<li>Der Restbetrag (70%) ist bei Ihrer Ankunft bar oder per Kreditkarte zu bezahlen.<\/li>\n<li>Nicht registrierte G\u00e4ste d\u00fcrfen ohne ausdr\u00fcckliche Genehmigung der Gesch\u00e4ftsleitung nicht auf dem Anwesen \u00fcbernachten.<\/li>\n<\/ul>\n<p class=\"notopbottom font090 italic\"><em>Alle Bankspesen und Provisionen gehen zu Lasten des Kunden.<\/em><\/p>\n<p><strong>Reservierungszahlung<\/strong><\/p>\n<p>Zur Best\u00e4tigung Ihrer Reservierung ist eine Sicherheitsleistung in H\u00f6he von 30% des Gesamtbetrags per \u00dcberweisung erforderlich.<\/p>\n<p>Der Restbetrag der Reservierung ist vor Ort bei Ihrer Ankunft zusammen mit m\u00f6glichen Extrakosten (nicht im Preis inbegriffene Extras) zu entrichten. Die Zahlung des Restbetrags vor Ort kann auf folgende Weise erfolgen: Bargeld, Bank\u00fcberweisung, MasterCard, Visa.<\/p>\n<p><strong>Stornierungsbedingungen<\/strong><\/p>\n<div>Bis zu 30 Tage vor Anreise ist die Anzahlung erstattungsf\u00e4hig (abz\u00fcglich Bankgeb\u00fchren). Nach 30 Tagen vor Anreise ist die Anzahlung nicht erstattungsf\u00e4hig.<\/div>\n<div>Die Zahlung des Restbetrags wird am Tag der Ankunft in bar oder per Kreditkarte verlangt.<\/div>\n<div><\/div>\n<p><strong>Stornierungsbedingungen aufgrund von Covid-19<\/strong><\/p>\n<p>Da sich die weltweite Gesundheitssituation st\u00e4ndig \u00e4ndert, hat der Gast im Falle von Einschr\u00e4nkungen aufgrund von Covid-19 im Herkunfts- oder Zielland das Recht, den Vertrag mit voller R\u00fcckerstattung zu stornieren.[\/vc_column_text][vc_separator color=&#8220;green&#8220;][\/vc_column][\/vc_row]<\/p>\n<\/div>","protected":false},"excerpt":{"rendered":"<p>[vc_row][vc_column][vc_single_image image=&#8220;5031&#8243; img_size=&#8220;full&#8220; alignment=&#8220;center&#8220;][vc_separator color=&#8220;green&#8220;][vc_row_inner][vc_column_inner][vc_column_text] Allgemeine Bestimmungen An- und Abreise CHECK-IN: von 15:00 bis 19:00 Uhr. CHECK-OUT: Am Abreisetag bitten wir unsere G\u00e4ste, die Apartments bis 10:00 Uhr zu verlassen. Vorzeitige Abreise G\u00e4ste, die aus beliebigen Gr\u00fcnden vor Ablauf ihrer Buchung abreisen m\u00fcssen, haben keinen Anspruch auf R\u00fcckerstattung. Belegungszahl der Apartments Die Anzahl der Bewohner &hellip; <a href=\"https:\/\/incrociata.it\/de\/allgemeine-informationen\/\" class=\"more-link\">Continue reading<span class=\"screen-reader-text\"> &#8222;Allgemeine Informationen&#8220;<\/span><\/a><\/p>\n","protected":false},"author":6,"featured_media":0,"parent":0,"menu_order":0,"comment_status":"closed","ping_status":"closed","template":"template-full-width-grid-page.php","meta":{"_acf_changed":false,"_joinchat":[],"footnotes":""},"class_list":["post-4756","page","type-page","status-publish","hentry"],"acf":[],"yoast_head":"<!-- This site is optimized with the Yoast SEO plugin v27.5 - https:\/\/yoast.com\/product\/yoast-seo-wordpress\/ -->\n<title>Preise | incrociata Farmhaus-Suiten | Toskanisches Feriendomizil<\/title>\n<meta name=\"description\" content=\"Buchen Sie direkt und erhalten Sie wettbewerbsf\u00e4hige Tarife. Bei einer Reservierung direkt \u00fcber unsere Website oder telefonisch garantieren wir Ihnen den bestm\u00f6glichen Preis.\" \/>\n<meta name=\"robots\" content=\"index, follow, max-snippet:-1, max-image-preview:large, max-video-preview:-1\" \/>\n<link rel=\"canonical\" href=\"https:\/\/incrociata.it\/de\/allgemeine-informationen\/\" \/>\n<meta property=\"og:locale\" content=\"de_DE\" \/>\n<meta property=\"og:type\" content=\"article\" \/>\n<meta property=\"og:title\" content=\"Preise | incrociata Farmhaus-Suiten | Toskanisches Feriendomizil\" \/>\n<meta property=\"og:description\" content=\"Buchen Sie direkt und erhalten Sie wettbewerbsf\u00e4hige Tarife. Bei einer Reservierung direkt \u00fcber unsere Website oder telefonisch garantieren wir Ihnen den bestm\u00f6glichen Preis.\" \/>\n<meta property=\"og:url\" content=\"https:\/\/incrociata.it\/de\/allgemeine-informationen\/\" \/>\n<meta property=\"og:site_name\" content=\"Agriturismo Incrociata\" \/>\n<meta property=\"article:publisher\" content=\"https:\/\/www.facebook.com\/Incrociata\" \/>\n<meta property=\"article:modified_time\" content=\"2026-01-18T10:23:46+00:00\" \/>\n<meta property=\"og:image\" content=\"https:\/\/incrociata.it\/wp-content\/uploads\/2014\/03\/agriturismo_incrociata_033.jpg\" \/>\n\t<meta property=\"og:image:width\" content=\"1700\" \/>\n\t<meta property=\"og:image:height\" content=\"1131\" \/>\n\t<meta property=\"og:image:type\" content=\"image\/jpeg\" \/>\n<meta name=\"twitter:card\" content=\"summary_large_image\" \/>\n<meta name=\"twitter:label1\" content=\"Gesch\u00e4tzte Lesezeit\" \/>\n\t<meta name=\"twitter:data1\" content=\"2\u00a0Minuten\" \/>\n<script type=\"application\/ld+json\" class=\"yoast-schema-graph\">{\"@context\":\"https:\\\/\\\/schema.org\",\"@graph\":[{\"@type\":\"WebPage\",\"@id\":\"https:\\\/\\\/incrociata.it\\\/de\\\/allgemeine-informationen\\\/\",\"url\":\"https:\\\/\\\/incrociata.it\\\/de\\\/allgemeine-informationen\\\/\",\"name\":\"Preise | incrociata Farmhaus-Suiten | Toskanisches Feriendomizil\",\"isPartOf\":{\"@id\":\"https:\\\/\\\/incrociata.it\\\/#website\"},\"datePublished\":\"2025-06-18T14:45:41+00:00\",\"dateModified\":\"2026-01-18T10:23:46+00:00\",\"description\":\"Buchen Sie direkt und erhalten Sie wettbewerbsf\u00e4hige Tarife. Bei einer Reservierung direkt \u00fcber unsere Website oder telefonisch garantieren wir Ihnen den bestm\u00f6glichen Preis.\",\"breadcrumb\":{\"@id\":\"https:\\\/\\\/incrociata.it\\\/de\\\/allgemeine-informationen\\\/#breadcrumb\"},\"inLanguage\":\"de\",\"potentialAction\":[{\"@type\":\"ReadAction\",\"target\":[\"https:\\\/\\\/incrociata.it\\\/de\\\/allgemeine-informationen\\\/\"]}]},{\"@type\":\"BreadcrumbList\",\"@id\":\"https:\\\/\\\/incrociata.it\\\/de\\\/allgemeine-informationen\\\/#breadcrumb\",\"itemListElement\":[{\"@type\":\"ListItem\",\"position\":1,\"name\":\"Home\",\"item\":\"https:\\\/\\\/incrociata.it\\\/de\\\/\"},{\"@type\":\"ListItem\",\"position\":2,\"name\":\"Allgemeine Informationen\"}]},{\"@type\":\"WebSite\",\"@id\":\"https:\\\/\\\/incrociata.it\\\/#website\",\"url\":\"https:\\\/\\\/incrociata.it\\\/\",\"name\":\"Agriturismo Incrociata\",\"description\":\"A renovated Tuscan Agriturismo from 1800&#039;s\",\"publisher\":{\"@id\":\"https:\\\/\\\/incrociata.it\\\/#organization\"},\"potentialAction\":[{\"@type\":\"SearchAction\",\"target\":{\"@type\":\"EntryPoint\",\"urlTemplate\":\"https:\\\/\\\/incrociata.it\\\/?s={search_term_string}\"},\"query-input\":{\"@type\":\"PropertyValueSpecification\",\"valueRequired\":true,\"valueName\":\"search_term_string\"}}],\"inLanguage\":\"de\"},{\"@type\":\"Organization\",\"@id\":\"https:\\\/\\\/incrociata.it\\\/#organization\",\"name\":\"Azienda Agricola Mellini\",\"url\":\"https:\\\/\\\/incrociata.it\\\/\",\"logo\":{\"@type\":\"ImageObject\",\"inLanguage\":\"de\",\"@id\":\"https:\\\/\\\/incrociata.it\\\/#\\\/schema\\\/logo\\\/image\\\/\",\"url\":\"https:\\\/\\\/incrociata.it\\\/wp-content\\\/uploads\\\/2018\\\/01\\\/IncrociataArtboard-1HD.jpg\",\"contentUrl\":\"https:\\\/\\\/incrociata.it\\\/wp-content\\\/uploads\\\/2018\\\/01\\\/IncrociataArtboard-1HD.jpg\",\"width\":1370,\"height\":1161,\"caption\":\"Azienda Agricola Mellini\"},\"image\":{\"@id\":\"https:\\\/\\\/incrociata.it\\\/#\\\/schema\\\/logo\\\/image\\\/\"},\"sameAs\":[\"https:\\\/\\\/www.facebook.com\\\/Incrociata\",\"https:\\\/\\\/www.instagram.com\\\/agriturismoincrociata\\\/\"]}]}<\/script>\n<!-- \/ Yoast SEO plugin. -->","yoast_head_json":{"title":"Preise | incrociata Farmhaus-Suiten | Toskanisches Feriendomizil","description":"Buchen Sie direkt und erhalten Sie wettbewerbsf\u00e4hige Tarife. Bei einer Reservierung direkt \u00fcber unsere Website oder telefonisch garantieren wir Ihnen den bestm\u00f6glichen Preis.","robots":{"index":"index","follow":"follow","max-snippet":"max-snippet:-1","max-image-preview":"max-image-preview:large","max-video-preview":"max-video-preview:-1"},"canonical":"https:\/\/incrociata.it\/de\/allgemeine-informationen\/","og_locale":"de_DE","og_type":"article","og_title":"Preise | incrociata Farmhaus-Suiten | Toskanisches Feriendomizil","og_description":"Buchen Sie direkt und erhalten Sie wettbewerbsf\u00e4hige Tarife. Bei einer Reservierung direkt \u00fcber unsere Website oder telefonisch garantieren wir Ihnen den bestm\u00f6glichen Preis.","og_url":"https:\/\/incrociata.it\/de\/allgemeine-informationen\/","og_site_name":"Agriturismo Incrociata","article_publisher":"https:\/\/www.facebook.com\/Incrociata","article_modified_time":"2026-01-18T10:23:46+00:00","og_image":[{"width":1700,"height":1131,"url":"https:\/\/incrociata.it\/wp-content\/uploads\/2014\/03\/agriturismo_incrociata_033.jpg","type":"image\/jpeg"}],"twitter_card":"summary_large_image","twitter_misc":{"Gesch\u00e4tzte Lesezeit":"2\u00a0Minuten"},"schema":{"@context":"https:\/\/schema.org","@graph":[{"@type":"WebPage","@id":"https:\/\/incrociata.it\/de\/allgemeine-informationen\/","url":"https:\/\/incrociata.it\/de\/allgemeine-informationen\/","name":"Preise | incrociata Farmhaus-Suiten | Toskanisches Feriendomizil","isPartOf":{"@id":"https:\/\/incrociata.it\/#website"},"datePublished":"2025-06-18T14:45:41+00:00","dateModified":"2026-01-18T10:23:46+00:00","description":"Buchen Sie direkt und erhalten Sie wettbewerbsf\u00e4hige Tarife. Bei einer Reservierung direkt \u00fcber unsere Website oder telefonisch garantieren wir Ihnen den bestm\u00f6glichen Preis.","breadcrumb":{"@id":"https:\/\/incrociata.it\/de\/allgemeine-informationen\/#breadcrumb"},"inLanguage":"de","potentialAction":[{"@type":"ReadAction","target":["https:\/\/incrociata.it\/de\/allgemeine-informationen\/"]}]},{"@type":"BreadcrumbList","@id":"https:\/\/incrociata.it\/de\/allgemeine-informationen\/#breadcrumb","itemListElement":[{"@type":"ListItem","position":1,"name":"Home","item":"https:\/\/incrociata.it\/de\/"},{"@type":"ListItem","position":2,"name":"Allgemeine Informationen"}]},{"@type":"WebSite","@id":"https:\/\/incrociata.it\/#website","url":"https:\/\/incrociata.it\/","name":"Agriturismo Incrociata","description":"A renovated Tuscan Agriturismo from 1800&#039;s","publisher":{"@id":"https:\/\/incrociata.it\/#organization"},"potentialAction":[{"@type":"SearchAction","target":{"@type":"EntryPoint","urlTemplate":"https:\/\/incrociata.it\/?s={search_term_string}"},"query-input":{"@type":"PropertyValueSpecification","valueRequired":true,"valueName":"search_term_string"}}],"inLanguage":"de"},{"@type":"Organization","@id":"https:\/\/incrociata.it\/#organization","name":"Azienda Agricola Mellini","url":"https:\/\/incrociata.it\/","logo":{"@type":"ImageObject","inLanguage":"de","@id":"https:\/\/incrociata.it\/#\/schema\/logo\/image\/","url":"https:\/\/incrociata.it\/wp-content\/uploads\/2018\/01\/IncrociataArtboard-1HD.jpg","contentUrl":"https:\/\/incrociata.it\/wp-content\/uploads\/2018\/01\/IncrociataArtboard-1HD.jpg","width":1370,"height":1161,"caption":"Azienda Agricola Mellini"},"image":{"@id":"https:\/\/incrociata.it\/#\/schema\/logo\/image\/"},"sameAs":["https:\/\/www.facebook.com\/Incrociata","https:\/\/www.instagram.com\/agriturismoincrociata\/"]}]}},"_links":{"self":[{"href":"https:\/\/incrociata.it\/de\/wp-json\/wp\/v2\/pages\/4756","targetHints":{"allow":["GET"]}}],"collection":[{"href":"https:\/\/incrociata.it\/de\/wp-json\/wp\/v2\/pages"}],"about":[{"href":"https:\/\/incrociata.it\/de\/wp-json\/wp\/v2\/types\/page"}],"author":[{"embeddable":true,"href":"https:\/\/incrociata.it\/de\/wp-json\/wp\/v2\/users\/6"}],"replies":[{"embeddable":true,"href":"https:\/\/incrociata.it\/de\/wp-json\/wp\/v2\/comments?post=4756"}],"version-history":[{"count":5,"href":"https:\/\/incrociata.it\/de\/wp-json\/wp\/v2\/pages\/4756\/revisions"}],"predecessor-version":[{"id":5039,"href":"https:\/\/incrociata.it\/de\/wp-json\/wp\/v2\/pages\/4756\/revisions\/5039"}],"wp:attachment":[{"href":"https:\/\/incrociata.it\/de\/wp-json\/wp\/v2\/media?parent=4756"}],"curies":[{"name":"wp","href":"https:\/\/api.w.org\/{rel}","templated":true}]}}