{"id":4706,"date":"2025-06-18T15:44:57","date_gmt":"2025-06-18T14:44:57","guid":{"rendered":"https:\/\/incrociata.it\/schwimmbadregeln\/"},"modified":"2026-01-18T11:46:33","modified_gmt":"2026-01-18T10:46:33","slug":"schwimmbadregeln","status":"publish","type":"page","link":"https:\/\/incrociata.it\/de\/schwimmbadregeln\/","title":{"rendered":"Schwimmbadregeln"},"content":{"rendered":"<div class=\"wpb-content-wrapper\"><p>[vc_row][vc_column][vc_single_image image=&#8220;5065&#8243; img_size=&#8220;full&#8220; alignment=&#8220;center&#8220;][vc_separator color=&#8220;green&#8220;][vc_column_text]<\/p>\n<p style=\"text-align: left;\">Um Ihren Aufenthalt angenehmer zu gestalten, steht Ihnen unser Schwimmbad zur Verf\u00fcgung. Zu Ihrer Sicherheit lesen und beachten Sie bitte die nachstehenden Schwimmbadregeln.<\/p>\n<p style=\"text-align: left;\">Das Schwimmbad verf\u00fcgt \u00fcber keinen Rettungsschwimmer. Die G\u00e4ste sind f\u00fcr ihre eigene Sicherheit verantwortlich.<\/p>\n<ul>\n<li style=\"text-align: left;\">Rufen Sie im Notfall die 118 an<\/li>\n<li style=\"text-align: left;\">Das Schwimmbad ist von 9 Uhr bis 19 Uhr ge\u00f6ffnet<\/li>\n<li style=\"text-align: left;\">Benutzen Sie die Dusche und waschen Sie Ihre F\u00fc\u00dfe, bevor Sie das Schwimmbad betreten<\/li>\n<li>Stellen Sie bei windigen Bedingungen sicher, dass die Sonnenschirme geschlossen sind<\/li>\n<li>Das Schwimmbad ist 15 m x 7 m gro\u00df (Tiefe von 1,28 m bis 1,50 m und ist mit Stufen ausgestattet)<\/li>\n<li>Springen Sie nicht in das Schwimmbad, seine Tiefe l\u00e4sst dies nicht zu<\/li>\n<li>Bei Gewitter benutzen Sie das Schwimmbad nicht<\/li>\n<li>Eltern sind f\u00fcr die Sicherheit ihrer Kinder verantwortlich<\/li>\n<li>Kinder unter 14 Jahren m\u00fcssen von einem Erwachsenen begleitet und beaufsichtigt werden<\/li>\n<li>Laufen oder wildes Spielen im Schwimmbadbereich sind nicht gestattet<\/li>\n<li>Benutzen Sie Badeschuhe beim Gehen im Schwimmbadbereich, da es rutschig sein kann<\/li>\n<li>Verwenden Sie beim Schwimmen eine Badekappe<\/li>\n<li>Beachten Sie, dass das Wasser in den Apartments trinkbar ist, aber nicht am Schwimmbad.<\/li>\n<li>F\u00fcr sicheres Schwimmen warten Sie bitte mindestens 3 Stunden nach einer Mahlzeit, bevor Sie ins Wasser gehen<\/li>\n<li>Wenn Sie Liegest\u00fchle oder Liegen benutzen, bedecken Sie diese zu Ihrer pers\u00f6nlichen Hygiene mit einem Handtuch<\/li>\n<li>Verwenden Sie bei Bedarf die grundlegende Lebensrettungsausr\u00fcstung und den Erste-Hilfe-Kasten, die sich links<br \/>\nvom Eingang des Arco-Apartments befinden<\/li>\n<li>Dieses Schwimmbad ist ausschlie\u00dflich den G\u00e4sten der Einrichtung vorbehalten. Externe<br \/>\nPersonen sind im Schwimmbad nicht gestattet<\/li>\n<li>Bei Fragen oder Problemen wenden Sie sich bitte an GianLuca Mellini: +39 349 4213524, Stefania +39 348 3950029<\/li>\n<\/ul>\n<p>[\/vc_column_text][vc_separator color=&#8220;green&#8220;][vc_btn title=&#8220;Kontaktieren Sie uns&#8220; color=&#8220;green&#8220; align=&#8220;center&#8220; link=&#8220;url:https%3A%2F%2Fincrociata.it%2Fcontact%2F|&#8220;][vc_separator color=&#8220;green&#8220;][\/vc_column][\/vc_row]<\/p>\n<\/div>","protected":false},"excerpt":{"rendered":"<p>[vc_row][vc_column][vc_single_image image=&#8220;5065&#8243; img_size=&#8220;full&#8220; alignment=&#8220;center&#8220;][vc_separator color=&#8220;green&#8220;][vc_column_text] Um Ihren Aufenthalt angenehmer zu gestalten, steht Ihnen unser Schwimmbad zur Verf\u00fcgung. Zu Ihrer Sicherheit lesen und beachten Sie bitte die nachstehenden Schwimmbadregeln. Das Schwimmbad verf\u00fcgt \u00fcber keinen Rettungsschwimmer. Die G\u00e4ste sind f\u00fcr ihre eigene Sicherheit verantwortlich. Rufen Sie im Notfall die 118 an Das Schwimmbad ist von 9 Uhr &hellip; <a href=\"https:\/\/incrociata.it\/de\/schwimmbadregeln\/\" class=\"more-link\">Continue reading<span class=\"screen-reader-text\"> &#8222;Schwimmbadregeln&#8220;<\/span><\/a><\/p>\n","protected":false},"author":6,"featured_media":0,"parent":0,"menu_order":0,"comment_status":"closed","ping_status":"closed","template":"template-full-width-page.php","meta":{"_acf_changed":false,"_joinchat":[],"footnotes":""},"class_list":["post-4706","page","type-page","status-publish","hentry"],"acf":[],"yoast_head":"<!-- This site is optimized with the Yoast SEO plugin v27.5 - https:\/\/yoast.com\/product\/yoast-seo-wordpress\/ -->\n<title>Schwimmbadregeln &#8226; Agriturismo Incrociata<\/title>\n<meta name=\"description\" content=\"Agriturismo Incrociata bietet seinen G\u00e4sten ein Schwimmbad an. Bitte lesen und beachten Sie die Regeln, die Sie auf dieser Seite finden.\" \/>\n<meta name=\"robots\" content=\"index, follow, max-snippet:-1, max-image-preview:large, max-video-preview:-1\" \/>\n<link rel=\"canonical\" href=\"https:\/\/incrociata.it\/de\/schwimmbadregeln\/\" \/>\n<meta property=\"og:locale\" content=\"de_DE\" \/>\n<meta property=\"og:type\" content=\"article\" \/>\n<meta property=\"og:title\" content=\"Schwimmbadregeln &#8226; Agriturismo Incrociata\" \/>\n<meta property=\"og:description\" content=\"Agriturismo Incrociata bietet seinen G\u00e4sten ein Schwimmbad an. Bitte lesen und beachten Sie die Regeln, die Sie auf dieser Seite finden.\" \/>\n<meta property=\"og:url\" content=\"https:\/\/incrociata.it\/de\/schwimmbadregeln\/\" \/>\n<meta property=\"og:site_name\" content=\"Agriturismo Incrociata\" \/>\n<meta property=\"article:publisher\" content=\"https:\/\/www.facebook.com\/Incrociata\" \/>\n<meta property=\"article:modified_time\" content=\"2026-01-18T10:46:33+00:00\" \/>\n<meta property=\"og:image\" content=\"https:\/\/incrociata.it\/wp-content\/uploads\/2014\/03\/agriturismo_incrociata_033.jpg\" \/>\n\t<meta property=\"og:image:width\" content=\"1700\" \/>\n\t<meta property=\"og:image:height\" content=\"1131\" \/>\n\t<meta property=\"og:image:type\" content=\"image\/jpeg\" \/>\n<meta name=\"twitter:card\" content=\"summary_large_image\" \/>\n<meta name=\"twitter:label1\" content=\"Gesch\u00e4tzte Lesezeit\" \/>\n\t<meta name=\"twitter:data1\" content=\"2\u00a0Minuten\" \/>\n<script type=\"application\/ld+json\" class=\"yoast-schema-graph\">{\"@context\":\"https:\\\/\\\/schema.org\",\"@graph\":[{\"@type\":\"WebPage\",\"@id\":\"https:\\\/\\\/incrociata.it\\\/de\\\/schwimmbadregeln\\\/\",\"url\":\"https:\\\/\\\/incrociata.it\\\/de\\\/schwimmbadregeln\\\/\",\"name\":\"Schwimmbadregeln &#8226; Agriturismo Incrociata\",\"isPartOf\":{\"@id\":\"https:\\\/\\\/incrociata.it\\\/#website\"},\"datePublished\":\"2025-06-18T14:44:57+00:00\",\"dateModified\":\"2026-01-18T10:46:33+00:00\",\"description\":\"Agriturismo Incrociata bietet seinen G\u00e4sten ein Schwimmbad an. Bitte lesen und beachten Sie die Regeln, die Sie auf dieser Seite finden.\",\"breadcrumb\":{\"@id\":\"https:\\\/\\\/incrociata.it\\\/de\\\/schwimmbadregeln\\\/#breadcrumb\"},\"inLanguage\":\"de\",\"potentialAction\":[{\"@type\":\"ReadAction\",\"target\":[\"https:\\\/\\\/incrociata.it\\\/de\\\/schwimmbadregeln\\\/\"]}]},{\"@type\":\"BreadcrumbList\",\"@id\":\"https:\\\/\\\/incrociata.it\\\/de\\\/schwimmbadregeln\\\/#breadcrumb\",\"itemListElement\":[{\"@type\":\"ListItem\",\"position\":1,\"name\":\"Home\",\"item\":\"https:\\\/\\\/incrociata.it\\\/de\\\/\"},{\"@type\":\"ListItem\",\"position\":2,\"name\":\"Schwimmbadregeln\"}]},{\"@type\":\"WebSite\",\"@id\":\"https:\\\/\\\/incrociata.it\\\/#website\",\"url\":\"https:\\\/\\\/incrociata.it\\\/\",\"name\":\"Agriturismo Incrociata\",\"description\":\"A renovated Tuscan Agriturismo from 1800&#039;s\",\"publisher\":{\"@id\":\"https:\\\/\\\/incrociata.it\\\/#organization\"},\"potentialAction\":[{\"@type\":\"SearchAction\",\"target\":{\"@type\":\"EntryPoint\",\"urlTemplate\":\"https:\\\/\\\/incrociata.it\\\/?s={search_term_string}\"},\"query-input\":{\"@type\":\"PropertyValueSpecification\",\"valueRequired\":true,\"valueName\":\"search_term_string\"}}],\"inLanguage\":\"de\"},{\"@type\":\"Organization\",\"@id\":\"https:\\\/\\\/incrociata.it\\\/#organization\",\"name\":\"Azienda Agricola Mellini\",\"url\":\"https:\\\/\\\/incrociata.it\\\/\",\"logo\":{\"@type\":\"ImageObject\",\"inLanguage\":\"de\",\"@id\":\"https:\\\/\\\/incrociata.it\\\/#\\\/schema\\\/logo\\\/image\\\/\",\"url\":\"https:\\\/\\\/incrociata.it\\\/wp-content\\\/uploads\\\/2018\\\/01\\\/IncrociataArtboard-1HD.jpg\",\"contentUrl\":\"https:\\\/\\\/incrociata.it\\\/wp-content\\\/uploads\\\/2018\\\/01\\\/IncrociataArtboard-1HD.jpg\",\"width\":1370,\"height\":1161,\"caption\":\"Azienda Agricola Mellini\"},\"image\":{\"@id\":\"https:\\\/\\\/incrociata.it\\\/#\\\/schema\\\/logo\\\/image\\\/\"},\"sameAs\":[\"https:\\\/\\\/www.facebook.com\\\/Incrociata\",\"https:\\\/\\\/www.instagram.com\\\/agriturismoincrociata\\\/\"]}]}<\/script>\n<!-- \/ Yoast SEO plugin. -->","yoast_head_json":{"title":"Schwimmbadregeln &#8226; Agriturismo Incrociata","description":"Agriturismo Incrociata bietet seinen G\u00e4sten ein Schwimmbad an. Bitte lesen und beachten Sie die Regeln, die Sie auf dieser Seite finden.","robots":{"index":"index","follow":"follow","max-snippet":"max-snippet:-1","max-image-preview":"max-image-preview:large","max-video-preview":"max-video-preview:-1"},"canonical":"https:\/\/incrociata.it\/de\/schwimmbadregeln\/","og_locale":"de_DE","og_type":"article","og_title":"Schwimmbadregeln &#8226; Agriturismo Incrociata","og_description":"Agriturismo Incrociata bietet seinen G\u00e4sten ein Schwimmbad an. Bitte lesen und beachten Sie die Regeln, die Sie auf dieser Seite finden.","og_url":"https:\/\/incrociata.it\/de\/schwimmbadregeln\/","og_site_name":"Agriturismo Incrociata","article_publisher":"https:\/\/www.facebook.com\/Incrociata","article_modified_time":"2026-01-18T10:46:33+00:00","og_image":[{"width":1700,"height":1131,"url":"https:\/\/incrociata.it\/wp-content\/uploads\/2014\/03\/agriturismo_incrociata_033.jpg","type":"image\/jpeg"}],"twitter_card":"summary_large_image","twitter_misc":{"Gesch\u00e4tzte Lesezeit":"2\u00a0Minuten"},"schema":{"@context":"https:\/\/schema.org","@graph":[{"@type":"WebPage","@id":"https:\/\/incrociata.it\/de\/schwimmbadregeln\/","url":"https:\/\/incrociata.it\/de\/schwimmbadregeln\/","name":"Schwimmbadregeln &#8226; Agriturismo Incrociata","isPartOf":{"@id":"https:\/\/incrociata.it\/#website"},"datePublished":"2025-06-18T14:44:57+00:00","dateModified":"2026-01-18T10:46:33+00:00","description":"Agriturismo Incrociata bietet seinen G\u00e4sten ein Schwimmbad an. Bitte lesen und beachten Sie die Regeln, die Sie auf dieser Seite finden.","breadcrumb":{"@id":"https:\/\/incrociata.it\/de\/schwimmbadregeln\/#breadcrumb"},"inLanguage":"de","potentialAction":[{"@type":"ReadAction","target":["https:\/\/incrociata.it\/de\/schwimmbadregeln\/"]}]},{"@type":"BreadcrumbList","@id":"https:\/\/incrociata.it\/de\/schwimmbadregeln\/#breadcrumb","itemListElement":[{"@type":"ListItem","position":1,"name":"Home","item":"https:\/\/incrociata.it\/de\/"},{"@type":"ListItem","position":2,"name":"Schwimmbadregeln"}]},{"@type":"WebSite","@id":"https:\/\/incrociata.it\/#website","url":"https:\/\/incrociata.it\/","name":"Agriturismo Incrociata","description":"A renovated Tuscan Agriturismo from 1800&#039;s","publisher":{"@id":"https:\/\/incrociata.it\/#organization"},"potentialAction":[{"@type":"SearchAction","target":{"@type":"EntryPoint","urlTemplate":"https:\/\/incrociata.it\/?s={search_term_string}"},"query-input":{"@type":"PropertyValueSpecification","valueRequired":true,"valueName":"search_term_string"}}],"inLanguage":"de"},{"@type":"Organization","@id":"https:\/\/incrociata.it\/#organization","name":"Azienda Agricola Mellini","url":"https:\/\/incrociata.it\/","logo":{"@type":"ImageObject","inLanguage":"de","@id":"https:\/\/incrociata.it\/#\/schema\/logo\/image\/","url":"https:\/\/incrociata.it\/wp-content\/uploads\/2018\/01\/IncrociataArtboard-1HD.jpg","contentUrl":"https:\/\/incrociata.it\/wp-content\/uploads\/2018\/01\/IncrociataArtboard-1HD.jpg","width":1370,"height":1161,"caption":"Azienda Agricola Mellini"},"image":{"@id":"https:\/\/incrociata.it\/#\/schema\/logo\/image\/"},"sameAs":["https:\/\/www.facebook.com\/Incrociata","https:\/\/www.instagram.com\/agriturismoincrociata\/"]}]}},"_links":{"self":[{"href":"https:\/\/incrociata.it\/de\/wp-json\/wp\/v2\/pages\/4706","targetHints":{"allow":["GET"]}}],"collection":[{"href":"https:\/\/incrociata.it\/de\/wp-json\/wp\/v2\/pages"}],"about":[{"href":"https:\/\/incrociata.it\/de\/wp-json\/wp\/v2\/types\/page"}],"author":[{"embeddable":true,"href":"https:\/\/incrociata.it\/de\/wp-json\/wp\/v2\/users\/6"}],"replies":[{"embeddable":true,"href":"https:\/\/incrociata.it\/de\/wp-json\/wp\/v2\/comments?post=4706"}],"version-history":[{"count":4,"href":"https:\/\/incrociata.it\/de\/wp-json\/wp\/v2\/pages\/4706\/revisions"}],"predecessor-version":[{"id":5067,"href":"https:\/\/incrociata.it\/de\/wp-json\/wp\/v2\/pages\/4706\/revisions\/5067"}],"wp:attachment":[{"href":"https:\/\/incrociata.it\/de\/wp-json\/wp\/v2\/media?parent=4706"}],"curies":[{"name":"wp","href":"https:\/\/api.w.org\/{rel}","templated":true}]}}